{"id":110,"date":"2022-03-02T12:41:56","date_gmt":"2022-03-02T11:41:56","guid":{"rendered":"https:\/\/faa.net\/rtandalucia\/?page_id=110"},"modified":"2022-03-16T18:31:01","modified_gmt":"2022-03-16T17:31:01","slug":"noticias","status":"publish","type":"page","link":"https:\/\/faa.net\/rtandalucia\/noticias\/","title":{"rendered":"Noticias"},"content":{"rendered":"\n<div class=\"wp-block-image\"><figure class=\"aligncenter size-medium\"><img loading=\"lazy\" decoding=\"async\" width=\"300\" height=\"201\" src=\"https:\/\/faa.net\/rtandalucia\/wp-content\/uploads\/2022\/02\/rtandalucia-favicon-300x201.png\" alt=\"\" class=\"wp-image-9\" srcset=\"https:\/\/faa.net\/rtandalucia\/wp-content\/uploads\/2022\/02\/rtandalucia-favicon-300x201.png 300w, https:\/\/faa.net\/rtandalucia\/wp-content\/uploads\/2022\/02\/rtandalucia-favicon-200x134.png 200w, https:\/\/faa.net\/rtandalucia\/wp-content\/uploads\/2022\/02\/rtandalucia-favicon-400x268.png 400w, https:\/\/faa.net\/rtandalucia\/wp-content\/uploads\/2022\/02\/rtandalucia-favicon.png 480w\" sizes=\"(max-width: 300px) 100vw, 300px\" \/><\/figure><\/div>\n\n\n\n<h1 class=\"kt-adv-heading_24497b-41 wp-block-kadence-advancedheading has-kb-palette-2-color has-text-color\" data-kb-block=\"kb-adv-heading_24497b-41\">Sala de Prensa Rally Team Andaluc\u00eda<\/h1>\n\n\n","protected":false},"excerpt":{"rendered":"","protected":false},"author":1,"featured_media":9,"parent":0,"menu_order":0,"comment_status":"closed","ping_status":"closed","template":"","meta":{"_et_pb_use_builder":"","_et_pb_old_content":"","_et_gb_content_width":"","footnotes":""},"class_list":["post-110","page","type-page","status-publish","has-post-thumbnail","hentry"],"yoast_head":"<!-- This site is optimized with the Yoast SEO plugin v27.5 - https:\/\/yoast.com\/product\/yoast-seo-wordpress\/ -->\n<title>Noticias - Rallye Team Andalucia<\/title>\n<meta name=\"description\" content=\"Sala de Prensa Rally Team Andaluc\u00eda, aqu\u00ed encontrar\u00e1 todas las noticias sobre este proyecto deportivo de la Federaci\u00f3n Andaluza de Automovilismo.\" \/>\n<meta name=\"robots\" content=\"index, follow, max-snippet:-1, max-image-preview:large, max-video-preview:-1\" \/>\n<link rel=\"canonical\" href=\"https:\/\/faa.net\/rtandalucia\/noticias\/\" \/>\n<meta property=\"og:locale\" content=\"es_ES\" \/>\n<meta property=\"og:type\" content=\"article\" \/>\n<meta property=\"og:title\" content=\"Noticias - Rallye Team Andalucia\" \/>\n<meta property=\"og:description\" content=\"Sala de Prensa Rally Team Andaluc\u00eda, aqu\u00ed encontrar\u00e1 todas las noticias sobre este proyecto deportivo de la Federaci\u00f3n Andaluza de Automovilismo.\" \/>\n<meta property=\"og:url\" content=\"https:\/\/faa.net\/rtandalucia\/noticias\/\" \/>\n<meta property=\"og:site_name\" content=\"Rallye Team Andalucia\" \/>\n<meta property=\"article:modified_time\" content=\"2022-03-16T17:31:01+00:00\" \/>\n<meta property=\"og:image\" content=\"https:\/\/faa.net\/rtandalucia\/wp-content\/uploads\/2022\/02\/rtandalucia-favicon.png\" \/>\n\t<meta property=\"og:image:width\" content=\"480\" \/>\n\t<meta property=\"og:image:height\" content=\"321\" \/>\n\t<meta property=\"og:image:type\" content=\"image\/png\" \/>\n<meta name=\"twitter:card\" content=\"summary_large_image\" \/>\n<meta name=\"twitter:label1\" content=\"Tiempo de lectura\" \/>\n\t<meta name=\"twitter:data1\" content=\"1 minuto\" \/>\n<script type=\"application\/ld+json\" class=\"yoast-schema-graph\">{\"@context\":\"https:\\\/\\\/schema.org\",\"@graph\":[{\"@type\":\"WebPage\",\"@id\":\"https:\\\/\\\/faa.net\\\/rtandalucia\\\/noticias\\\/\",\"url\":\"https:\\\/\\\/faa.net\\\/rtandalucia\\\/noticias\\\/\",\"name\":\"Noticias - Rallye Team Andalucia\",\"isPartOf\":{\"@id\":\"https:\\\/\\\/faa.net\\\/rtandalucia\\\/#website\"},\"primaryImageOfPage\":{\"@id\":\"https:\\\/\\\/faa.net\\\/rtandalucia\\\/noticias\\\/#primaryimage\"},\"image\":{\"@id\":\"https:\\\/\\\/faa.net\\\/rtandalucia\\\/noticias\\\/#primaryimage\"},\"thumbnailUrl\":\"https:\\\/\\\/faa.net\\\/rtandalucia\\\/wp-content\\\/uploads\\\/2022\\\/02\\\/rtandalucia-favicon.png\",\"datePublished\":\"2022-03-02T11:41:56+00:00\",\"dateModified\":\"2022-03-16T17:31:01+00:00\",\"description\":\"Sala de Prensa Rally Team Andaluc\u00eda, aqu\u00ed encontrar\u00e1 todas las noticias sobre este proyecto deportivo de la Federaci\u00f3n Andaluza de Automovilismo.\",\"breadcrumb\":{\"@id\":\"https:\\\/\\\/faa.net\\\/rtandalucia\\\/noticias\\\/#breadcrumb\"},\"inLanguage\":\"es\",\"potentialAction\":[{\"@type\":\"ReadAction\",\"target\":[\"https:\\\/\\\/faa.net\\\/rtandalucia\\\/noticias\\\/\"]}]},{\"@type\":\"ImageObject\",\"inLanguage\":\"es\",\"@id\":\"https:\\\/\\\/faa.net\\\/rtandalucia\\\/noticias\\\/#primaryimage\",\"url\":\"https:\\\/\\\/faa.net\\\/rtandalucia\\\/wp-content\\\/uploads\\\/2022\\\/02\\\/rtandalucia-favicon.png\",\"contentUrl\":\"https:\\\/\\\/faa.net\\\/rtandalucia\\\/wp-content\\\/uploads\\\/2022\\\/02\\\/rtandalucia-favicon.png\",\"width\":480,\"height\":321},{\"@type\":\"BreadcrumbList\",\"@id\":\"https:\\\/\\\/faa.net\\\/rtandalucia\\\/noticias\\\/#breadcrumb\",\"itemListElement\":[{\"@type\":\"ListItem\",\"position\":1,\"name\":\"Portada\",\"item\":\"https:\\\/\\\/faa.net\\\/rtandalucia\\\/\"},{\"@type\":\"ListItem\",\"position\":2,\"name\":\"Noticias\"}]},{\"@type\":\"WebSite\",\"@id\":\"https:\\\/\\\/faa.net\\\/rtandalucia\\\/#website\",\"url\":\"https:\\\/\\\/faa.net\\\/rtandalucia\\\/\",\"name\":\"Rallye Team Andalucia\",\"description\":\"- Un proyecto de la Federaci\u00f3n Andaluza de Automovilismo\",\"potentialAction\":[{\"@type\":\"SearchAction\",\"target\":{\"@type\":\"EntryPoint\",\"urlTemplate\":\"https:\\\/\\\/faa.net\\\/rtandalucia\\\/?s={search_term_string}\"},\"query-input\":{\"@type\":\"PropertyValueSpecification\",\"valueRequired\":true,\"valueName\":\"search_term_string\"}}],\"inLanguage\":\"es\"}]}<\/script>\n<!-- \/ Yoast SEO plugin. -->","yoast_head_json":{"title":"Noticias - Rallye Team Andalucia","description":"Sala de Prensa Rally Team Andaluc\u00eda, aqu\u00ed encontrar\u00e1 todas las noticias sobre este proyecto deportivo de la Federaci\u00f3n Andaluza de Automovilismo.","robots":{"index":"index","follow":"follow","max-snippet":"max-snippet:-1","max-image-preview":"max-image-preview:large","max-video-preview":"max-video-preview:-1"},"canonical":"https:\/\/faa.net\/rtandalucia\/noticias\/","og_locale":"es_ES","og_type":"article","og_title":"Noticias - Rallye Team Andalucia","og_description":"Sala de Prensa Rally Team Andaluc\u00eda, aqu\u00ed encontrar\u00e1 todas las noticias sobre este proyecto deportivo de la Federaci\u00f3n Andaluza de Automovilismo.","og_url":"https:\/\/faa.net\/rtandalucia\/noticias\/","og_site_name":"Rallye Team Andalucia","article_modified_time":"2022-03-16T17:31:01+00:00","og_image":[{"width":480,"height":321,"url":"https:\/\/faa.net\/rtandalucia\/wp-content\/uploads\/2022\/02\/rtandalucia-favicon.png","type":"image\/png"}],"twitter_card":"summary_large_image","twitter_misc":{"Tiempo de lectura":"1 minuto"},"schema":{"@context":"https:\/\/schema.org","@graph":[{"@type":"WebPage","@id":"https:\/\/faa.net\/rtandalucia\/noticias\/","url":"https:\/\/faa.net\/rtandalucia\/noticias\/","name":"Noticias - Rallye Team Andalucia","isPartOf":{"@id":"https:\/\/faa.net\/rtandalucia\/#website"},"primaryImageOfPage":{"@id":"https:\/\/faa.net\/rtandalucia\/noticias\/#primaryimage"},"image":{"@id":"https:\/\/faa.net\/rtandalucia\/noticias\/#primaryimage"},"thumbnailUrl":"https:\/\/faa.net\/rtandalucia\/wp-content\/uploads\/2022\/02\/rtandalucia-favicon.png","datePublished":"2022-03-02T11:41:56+00:00","dateModified":"2022-03-16T17:31:01+00:00","description":"Sala de Prensa Rally Team Andaluc\u00eda, aqu\u00ed encontrar\u00e1 todas las noticias sobre este proyecto deportivo de la Federaci\u00f3n Andaluza de Automovilismo.","breadcrumb":{"@id":"https:\/\/faa.net\/rtandalucia\/noticias\/#breadcrumb"},"inLanguage":"es","potentialAction":[{"@type":"ReadAction","target":["https:\/\/faa.net\/rtandalucia\/noticias\/"]}]},{"@type":"ImageObject","inLanguage":"es","@id":"https:\/\/faa.net\/rtandalucia\/noticias\/#primaryimage","url":"https:\/\/faa.net\/rtandalucia\/wp-content\/uploads\/2022\/02\/rtandalucia-favicon.png","contentUrl":"https:\/\/faa.net\/rtandalucia\/wp-content\/uploads\/2022\/02\/rtandalucia-favicon.png","width":480,"height":321},{"@type":"BreadcrumbList","@id":"https:\/\/faa.net\/rtandalucia\/noticias\/#breadcrumb","itemListElement":[{"@type":"ListItem","position":1,"name":"Portada","item":"https:\/\/faa.net\/rtandalucia\/"},{"@type":"ListItem","position":2,"name":"Noticias"}]},{"@type":"WebSite","@id":"https:\/\/faa.net\/rtandalucia\/#website","url":"https:\/\/faa.net\/rtandalucia\/","name":"Rallye Team Andalucia","description":"- Un proyecto de la Federaci\u00f3n Andaluza de Automovilismo","potentialAction":[{"@type":"SearchAction","target":{"@type":"EntryPoint","urlTemplate":"https:\/\/faa.net\/rtandalucia\/?s={search_term_string}"},"query-input":{"@type":"PropertyValueSpecification","valueRequired":true,"valueName":"search_term_string"}}],"inLanguage":"es"}]}},"_links":{"self":[{"href":"https:\/\/faa.net\/rtandalucia\/wp-json\/wp\/v2\/pages\/110","targetHints":{"allow":["GET"]}}],"collection":[{"href":"https:\/\/faa.net\/rtandalucia\/wp-json\/wp\/v2\/pages"}],"about":[{"href":"https:\/\/faa.net\/rtandalucia\/wp-json\/wp\/v2\/types\/page"}],"author":[{"embeddable":true,"href":"https:\/\/faa.net\/rtandalucia\/wp-json\/wp\/v2\/users\/1"}],"replies":[{"embeddable":true,"href":"https:\/\/faa.net\/rtandalucia\/wp-json\/wp\/v2\/comments?post=110"}],"version-history":[{"count":5,"href":"https:\/\/faa.net\/rtandalucia\/wp-json\/wp\/v2\/pages\/110\/revisions"}],"predecessor-version":[{"id":334,"href":"https:\/\/faa.net\/rtandalucia\/wp-json\/wp\/v2\/pages\/110\/revisions\/334"}],"wp:featuredmedia":[{"embeddable":true,"href":"https:\/\/faa.net\/rtandalucia\/wp-json\/wp\/v2\/media\/9"}],"wp:attachment":[{"href":"https:\/\/faa.net\/rtandalucia\/wp-json\/wp\/v2\/media?parent=110"}],"curies":[{"name":"wp","href":"https:\/\/api.w.org\/{rel}","templated":true}]}}