{"id":125,"date":"2022-03-02T13:03:25","date_gmt":"2022-03-02T12:03:25","guid":{"rendered":"https:\/\/faa.net\/rtandalucia\/?page_id=125"},"modified":"2022-08-16T12:06:10","modified_gmt":"2022-08-16T10:06:10","slug":"calendario","status":"publish","type":"page","link":"https:\/\/faa.net\/rtandalucia\/calendario\/","title":{"rendered":"Calendario"},"content":{"rendered":"\r\n<div class=\"wp-block-image\">\r\n<figure class=\"aligncenter size-medium\"><img loading=\"lazy\" decoding=\"async\" width=\"300\" height=\"201\" class=\"wp-image-9\" src=\"https:\/\/faa.net\/rtandalucia\/wp-content\/uploads\/2022\/02\/rtandalucia-favicon-300x201.png\" alt=\"\" srcset=\"https:\/\/faa.net\/rtandalucia\/wp-content\/uploads\/2022\/02\/rtandalucia-favicon-300x201.png 300w, https:\/\/faa.net\/rtandalucia\/wp-content\/uploads\/2022\/02\/rtandalucia-favicon-200x134.png 200w, https:\/\/faa.net\/rtandalucia\/wp-content\/uploads\/2022\/02\/rtandalucia-favicon-400x268.png 400w, https:\/\/faa.net\/rtandalucia\/wp-content\/uploads\/2022\/02\/rtandalucia-favicon.png 480w\" sizes=\"(max-width: 300px) 100vw, 300px\" \/><\/figure>\r\n<\/div>\r\n\r\n\r\n\r\n<h1 class=\"kt-adv-heading_c6f8f0-99 wp-block-kadence-advancedheading has-kb-palette-2-color has-text-color\" data-kb-block=\"kb-adv-heading_c6f8f0-99\">Calendario de Pruebas Andaluc\u00eda Rally Team 2022<\/h1>\r\n\r\n\r\n\r\n<p>Esta temporada 2022 los j\u00f3venes pilotos andaluces encuadrados en el programa Andaluc\u00eda Rally Team estar\u00e1n presentes en las siguientes pruebas a nivel nacional:<\/p>\r\n\r\n\r\n\r\n<ul class=\"wp-block-list\">\r\n<li>Francisco Manuel Puertas que participar\u00e1 en la Sandero Dacia Cup y Copa Kobe Motor.&nbsp;<a href=\"https:\/\/faa.net\/rtandalucia\/index.php\/francisco-puertas\/\">M\u00e1s info.<\/a><\/li>\r\n<li>Maximiliano Gallardo que participar\u00e1 en la Sandero Dacia Cup. <a href=\"https:\/\/faa.net\/rtandalucia\/maxi-gallardo\/\">M\u00e1s info.<\/a><\/li>\r\n<li>Salvador Espa\u00f1a que participar\u00e1 en la Copa Kobe Motor.&nbsp;<a href=\"https:\/\/faa.net\/rtandalucia\/salvador-espana\/\">M\u00e1s info.<\/a><\/li>\r\n<\/ul>\r\n\r\n\r\n\r\n<div class=\"wp-block-kadence-spacer aligncenter kt-block-spacer-_2cd662-12\">\r\n<div class=\"kt-block-spacer kt-block-spacer-halign-center\"><hr class=\"kt-divider\"><\/div>\r\n<\/div>\r\n\r\n\r\n\r\n<h1 class=\"kt-adv-heading_c6f9bf-c5 wp-block-kadence-advancedheading has-kb-palette-2-color has-text-color\" data-kb-block=\"kb-adv-heading_c6f9bf-c5\"><strong>Calendario de pruebas Copa Kobe Motor<\/strong><\/h1>\r\n\r\n\r\n\r\n<ul class=\"wp-block-list\">\r\n<li>Lorca, d\u00edas 4 y 5 de marzo.<\/li>\r\n<li>Santiago, d\u00edas 5 y 6 de mayo.<\/li>\r\n<li>Pozoblanco, d\u00edas 27 y 28 de mayo.<\/li>\r\n<li>Le\u00f3n, d\u00edas 11 y 12 de junio.<\/li>\r\n<li>Madrid, d\u00edas 7 y 8 de octubre.<\/li>\r\n<\/ul>\r\n\r\n\r\n\r\n<figure class=\"wp-block-image size-large\"><img loading=\"lazy\" decoding=\"async\" width=\"1024\" height=\"724\" class=\"wp-image-131\" src=\"https:\/\/faa.net\/rtandalucia\/wp-content\/uploads\/2022\/03\/calendario-copa-kobe-motor-2022-1024x724.jpg\" alt=\"\" srcset=\"https:\/\/faa.net\/rtandalucia\/wp-content\/uploads\/2022\/03\/calendario-copa-kobe-motor-2022-1024x724.jpg 1024w, https:\/\/faa.net\/rtandalucia\/wp-content\/uploads\/2022\/03\/calendario-copa-kobe-motor-2022-300x212.jpg 300w, https:\/\/faa.net\/rtandalucia\/wp-content\/uploads\/2022\/03\/calendario-copa-kobe-motor-2022-768x543.jpg 768w, https:\/\/faa.net\/rtandalucia\/wp-content\/uploads\/2022\/03\/calendario-copa-kobe-motor-2022-500x353.jpg 500w, https:\/\/faa.net\/rtandalucia\/wp-content\/uploads\/2022\/03\/calendario-copa-kobe-motor-2022-800x565.jpg 800w, https:\/\/faa.net\/rtandalucia\/wp-content\/uploads\/2022\/03\/calendario-copa-kobe-motor-2022-1280x905.jpg 1280w, https:\/\/faa.net\/rtandalucia\/wp-content\/uploads\/2022\/03\/calendario-copa-kobe-motor-2022-200x141.jpg 200w, https:\/\/faa.net\/rtandalucia\/wp-content\/uploads\/2022\/03\/calendario-copa-kobe-motor-2022-400x283.jpg 400w, https:\/\/faa.net\/rtandalucia\/wp-content\/uploads\/2022\/03\/calendario-copa-kobe-motor-2022-600x424.jpg 600w, https:\/\/faa.net\/rtandalucia\/wp-content\/uploads\/2022\/03\/calendario-copa-kobe-motor-2022-1200x848.jpg 1200w, https:\/\/faa.net\/rtandalucia\/wp-content\/uploads\/2022\/03\/calendario-copa-kobe-motor-2022.jpg 1500w\" sizes=\"(max-width: 1024px) 100vw, 1024px\" \/><\/figure>\r\n\r\n\r\n\r\n<div class=\"wp-block-kadence-spacer aligncenter kt-block-spacer-_c4d67a-84\">\r\n<div class=\"kt-block-spacer kt-block-spacer-halign-center\"><hr class=\"kt-divider\"><\/div>\r\n<\/div>\r\n\r\n\r\n\r\n<h1 class=\"kt-adv-heading_6f6277-d3 wp-block-kadence-advancedheading has-kb-palette-2-color has-text-color\" data-kb-block=\"kb-adv-heading_6f6277-d3\"><strong>Calendario de pruebas Sandero Dacia CUP 2022<\/strong><\/h1>\r\n\r\n\r\n\r\n<ul class=\"wp-block-list\">\r\n<li>39\u00ba Rally Sierra Morena, d\u00edas 2 y 3 de abril.<\/li>\r\n<li>59\u00ba Rallye Blendio Princesa de Asturias, d\u00edas 8, 9 y 10 de septiembre.<\/li>\r\n<li>55\u00ba Rallye Recalvi R\u00edas Baixas en Galicia, d\u00edas 29 y 30 de septiembre, y 1 de octubre.<\/li>\r\n<li>28\u00ba Rallye La Nuc\u00eda, d\u00edas 5-6 de noviembre.<\/li>\r\n<li>1\u00ba Rallye Legend \u00abS\u00f3lo Renault\u00bb, d\u00edas 25-26 de noviembre.<\/li>\r\n<\/ul>\r\n","protected":false},"excerpt":{"rendered":"<p>Esta temporada 2022 los j\u00f3venes pilotos andaluces encuadrados en el programa Andaluc\u00eda Rally Team estar\u00e1n presentes en las siguientes pruebas a nivel nacional: Francisco Manuel Puertas que participar\u00e1 en la Sandero Dacia Cup y Copa Kobe Motor.&nbsp;M\u00e1s info. Maximiliano Gallardo que participar\u00e1 en la Sandero Dacia Cup. M\u00e1s info. Salvador Espa\u00f1a que participar\u00e1 en la [&hellip;]<\/p>\n","protected":false},"author":1,"featured_media":0,"parent":0,"menu_order":0,"comment_status":"closed","ping_status":"closed","template":"","meta":{"_et_pb_use_builder":"","_et_pb_old_content":"","_et_gb_content_width":"","footnotes":""},"class_list":["post-125","page","type-page","status-publish","hentry"],"yoast_head":"<!-- This site is optimized with the Yoast SEO plugin v27.5 - https:\/\/yoast.com\/product\/yoast-seo-wordpress\/ -->\n<title>Calendario - Rallye Team Andalucia<\/title>\n<meta name=\"description\" content=\"Calendario de pruebas a nivel nacional en las que participar\u00e1n los equipos encuadrados en Andaluc\u00eda Rally Team.\" \/>\n<meta name=\"robots\" content=\"index, follow, max-snippet:-1, max-image-preview:large, max-video-preview:-1\" \/>\n<link rel=\"canonical\" href=\"https:\/\/faa.net\/rtandalucia\/calendario\/\" \/>\n<meta property=\"og:locale\" content=\"es_ES\" \/>\n<meta property=\"og:type\" content=\"article\" \/>\n<meta property=\"og:title\" content=\"Calendario - Rallye Team Andalucia\" \/>\n<meta property=\"og:description\" content=\"Calendario de pruebas a nivel nacional en las que participar\u00e1n los equipos encuadrados en Andaluc\u00eda Rally Team.\" \/>\n<meta property=\"og:url\" content=\"https:\/\/faa.net\/rtandalucia\/calendario\/\" \/>\n<meta property=\"og:site_name\" content=\"Rallye Team Andalucia\" \/>\n<meta property=\"article:modified_time\" content=\"2022-08-16T10:06:10+00:00\" \/>\n<meta property=\"og:image\" content=\"https:\/\/faa.net\/rtandalucia\/wp-content\/uploads\/2022\/02\/rtandalucia-favicon-300x201.png\" \/>\n<meta name=\"twitter:card\" content=\"summary_large_image\" \/>\n<meta name=\"twitter:label1\" content=\"Tiempo de lectura\" \/>\n\t<meta name=\"twitter:data1\" content=\"2 minutos\" \/>\n<script type=\"application\/ld+json\" class=\"yoast-schema-graph\">{\"@context\":\"https:\\\/\\\/schema.org\",\"@graph\":[{\"@type\":\"WebPage\",\"@id\":\"https:\\\/\\\/faa.net\\\/rtandalucia\\\/calendario\\\/\",\"url\":\"https:\\\/\\\/faa.net\\\/rtandalucia\\\/calendario\\\/\",\"name\":\"Calendario - Rallye Team Andalucia\",\"isPartOf\":{\"@id\":\"https:\\\/\\\/faa.net\\\/rtandalucia\\\/#website\"},\"primaryImageOfPage\":{\"@id\":\"https:\\\/\\\/faa.net\\\/rtandalucia\\\/calendario\\\/#primaryimage\"},\"image\":{\"@id\":\"https:\\\/\\\/faa.net\\\/rtandalucia\\\/calendario\\\/#primaryimage\"},\"thumbnailUrl\":\"https:\\\/\\\/faa.net\\\/rtandalucia\\\/wp-content\\\/uploads\\\/2022\\\/02\\\/rtandalucia-favicon-300x201.png\",\"datePublished\":\"2022-03-02T12:03:25+00:00\",\"dateModified\":\"2022-08-16T10:06:10+00:00\",\"description\":\"Calendario de pruebas a nivel nacional en las que participar\u00e1n los equipos encuadrados en Andaluc\u00eda Rally Team.\",\"breadcrumb\":{\"@id\":\"https:\\\/\\\/faa.net\\\/rtandalucia\\\/calendario\\\/#breadcrumb\"},\"inLanguage\":\"es\",\"potentialAction\":[{\"@type\":\"ReadAction\",\"target\":[\"https:\\\/\\\/faa.net\\\/rtandalucia\\\/calendario\\\/\"]}]},{\"@type\":\"ImageObject\",\"inLanguage\":\"es\",\"@id\":\"https:\\\/\\\/faa.net\\\/rtandalucia\\\/calendario\\\/#primaryimage\",\"url\":\"https:\\\/\\\/faa.net\\\/rtandalucia\\\/wp-content\\\/uploads\\\/2022\\\/02\\\/rtandalucia-favicon.png\",\"contentUrl\":\"https:\\\/\\\/faa.net\\\/rtandalucia\\\/wp-content\\\/uploads\\\/2022\\\/02\\\/rtandalucia-favicon.png\",\"width\":480,\"height\":321},{\"@type\":\"BreadcrumbList\",\"@id\":\"https:\\\/\\\/faa.net\\\/rtandalucia\\\/calendario\\\/#breadcrumb\",\"itemListElement\":[{\"@type\":\"ListItem\",\"position\":1,\"name\":\"Portada\",\"item\":\"https:\\\/\\\/faa.net\\\/rtandalucia\\\/\"},{\"@type\":\"ListItem\",\"position\":2,\"name\":\"Calendario\"}]},{\"@type\":\"WebSite\",\"@id\":\"https:\\\/\\\/faa.net\\\/rtandalucia\\\/#website\",\"url\":\"https:\\\/\\\/faa.net\\\/rtandalucia\\\/\",\"name\":\"Rallye Team Andalucia\",\"description\":\"- Un proyecto de la Federaci\u00f3n Andaluza de Automovilismo\",\"potentialAction\":[{\"@type\":\"SearchAction\",\"target\":{\"@type\":\"EntryPoint\",\"urlTemplate\":\"https:\\\/\\\/faa.net\\\/rtandalucia\\\/?s={search_term_string}\"},\"query-input\":{\"@type\":\"PropertyValueSpecification\",\"valueRequired\":true,\"valueName\":\"search_term_string\"}}],\"inLanguage\":\"es\"}]}<\/script>\n<!-- \/ Yoast SEO plugin. -->","yoast_head_json":{"title":"Calendario - Rallye Team Andalucia","description":"Calendario de pruebas a nivel nacional en las que participar\u00e1n los equipos encuadrados en Andaluc\u00eda Rally Team.","robots":{"index":"index","follow":"follow","max-snippet":"max-snippet:-1","max-image-preview":"max-image-preview:large","max-video-preview":"max-video-preview:-1"},"canonical":"https:\/\/faa.net\/rtandalucia\/calendario\/","og_locale":"es_ES","og_type":"article","og_title":"Calendario - Rallye Team Andalucia","og_description":"Calendario de pruebas a nivel nacional en las que participar\u00e1n los equipos encuadrados en Andaluc\u00eda Rally Team.","og_url":"https:\/\/faa.net\/rtandalucia\/calendario\/","og_site_name":"Rallye Team Andalucia","article_modified_time":"2022-08-16T10:06:10+00:00","og_image":[{"url":"https:\/\/faa.net\/rtandalucia\/wp-content\/uploads\/2022\/02\/rtandalucia-favicon-300x201.png","type":"","width":"","height":""}],"twitter_card":"summary_large_image","twitter_misc":{"Tiempo de lectura":"2 minutos"},"schema":{"@context":"https:\/\/schema.org","@graph":[{"@type":"WebPage","@id":"https:\/\/faa.net\/rtandalucia\/calendario\/","url":"https:\/\/faa.net\/rtandalucia\/calendario\/","name":"Calendario - Rallye Team Andalucia","isPartOf":{"@id":"https:\/\/faa.net\/rtandalucia\/#website"},"primaryImageOfPage":{"@id":"https:\/\/faa.net\/rtandalucia\/calendario\/#primaryimage"},"image":{"@id":"https:\/\/faa.net\/rtandalucia\/calendario\/#primaryimage"},"thumbnailUrl":"https:\/\/faa.net\/rtandalucia\/wp-content\/uploads\/2022\/02\/rtandalucia-favicon-300x201.png","datePublished":"2022-03-02T12:03:25+00:00","dateModified":"2022-08-16T10:06:10+00:00","description":"Calendario de pruebas a nivel nacional en las que participar\u00e1n los equipos encuadrados en Andaluc\u00eda Rally Team.","breadcrumb":{"@id":"https:\/\/faa.net\/rtandalucia\/calendario\/#breadcrumb"},"inLanguage":"es","potentialAction":[{"@type":"ReadAction","target":["https:\/\/faa.net\/rtandalucia\/calendario\/"]}]},{"@type":"ImageObject","inLanguage":"es","@id":"https:\/\/faa.net\/rtandalucia\/calendario\/#primaryimage","url":"https:\/\/faa.net\/rtandalucia\/wp-content\/uploads\/2022\/02\/rtandalucia-favicon.png","contentUrl":"https:\/\/faa.net\/rtandalucia\/wp-content\/uploads\/2022\/02\/rtandalucia-favicon.png","width":480,"height":321},{"@type":"BreadcrumbList","@id":"https:\/\/faa.net\/rtandalucia\/calendario\/#breadcrumb","itemListElement":[{"@type":"ListItem","position":1,"name":"Portada","item":"https:\/\/faa.net\/rtandalucia\/"},{"@type":"ListItem","position":2,"name":"Calendario"}]},{"@type":"WebSite","@id":"https:\/\/faa.net\/rtandalucia\/#website","url":"https:\/\/faa.net\/rtandalucia\/","name":"Rallye Team Andalucia","description":"- Un proyecto de la Federaci\u00f3n Andaluza de Automovilismo","potentialAction":[{"@type":"SearchAction","target":{"@type":"EntryPoint","urlTemplate":"https:\/\/faa.net\/rtandalucia\/?s={search_term_string}"},"query-input":{"@type":"PropertyValueSpecification","valueRequired":true,"valueName":"search_term_string"}}],"inLanguage":"es"}]}},"_links":{"self":[{"href":"https:\/\/faa.net\/rtandalucia\/wp-json\/wp\/v2\/pages\/125","targetHints":{"allow":["GET"]}}],"collection":[{"href":"https:\/\/faa.net\/rtandalucia\/wp-json\/wp\/v2\/pages"}],"about":[{"href":"https:\/\/faa.net\/rtandalucia\/wp-json\/wp\/v2\/types\/page"}],"author":[{"embeddable":true,"href":"https:\/\/faa.net\/rtandalucia\/wp-json\/wp\/v2\/users\/1"}],"replies":[{"embeddable":true,"href":"https:\/\/faa.net\/rtandalucia\/wp-json\/wp\/v2\/comments?post=125"}],"version-history":[{"count":14,"href":"https:\/\/faa.net\/rtandalucia\/wp-json\/wp\/v2\/pages\/125\/revisions"}],"predecessor-version":[{"id":469,"href":"https:\/\/faa.net\/rtandalucia\/wp-json\/wp\/v2\/pages\/125\/revisions\/469"}],"wp:attachment":[{"href":"https:\/\/faa.net\/rtandalucia\/wp-json\/wp\/v2\/media?parent=125"}],"curies":[{"name":"wp","href":"https:\/\/api.w.org\/{rel}","templated":true}]}}