{"id":147,"date":"2022-03-02T13:49:25","date_gmt":"2022-03-02T12:49:25","guid":{"rendered":"https:\/\/faa.net\/rtandalucia\/?page_id=147"},"modified":"2022-03-07T18:19:08","modified_gmt":"2022-03-07T17:19:08","slug":"fotografias","status":"publish","type":"page","link":"https:\/\/faa.net\/rtandalucia\/fotografias\/","title":{"rendered":"Fotograf\u00edas"},"content":{"rendered":"\n<div class=\"wp-block-image\"><figure class=\"aligncenter size-medium\"><img loading=\"lazy\" decoding=\"async\" width=\"300\" height=\"201\" src=\"https:\/\/faa.net\/rtandalucia\/wp-content\/uploads\/2022\/02\/rtandalucia-favicon-300x201.png\" alt=\"\" class=\"wp-image-9\" srcset=\"https:\/\/faa.net\/rtandalucia\/wp-content\/uploads\/2022\/02\/rtandalucia-favicon-300x201.png 300w, https:\/\/faa.net\/rtandalucia\/wp-content\/uploads\/2022\/02\/rtandalucia-favicon-200x134.png 200w, https:\/\/faa.net\/rtandalucia\/wp-content\/uploads\/2022\/02\/rtandalucia-favicon-400x268.png 400w, https:\/\/faa.net\/rtandalucia\/wp-content\/uploads\/2022\/02\/rtandalucia-favicon.png 480w\" sizes=\"(max-width: 300px) 100vw, 300px\" \/><\/figure><\/div>\n\n\n\n<h1 class=\"kt-adv-heading_36b3dc-4c wp-block-kadence-advancedheading has-kb-palette-2-color has-text-color\" data-kb-block=\"kb-adv-heading_36b3dc-4c\">Material Gr\u00e1fico Andaluc\u00eda Rally Team<\/h1>\n\n\n\n<div class=\"wp-block-kadence-spacer aligncenter kt-block-spacer-_c6f900-29\"><div class=\"kt-block-spacer kt-block-spacer-halign-center\"><hr class=\"kt-divider\"\/><\/div><\/div>\n\n\n\n<h2 class=\"kt-adv-heading_919c40-90 wp-block-kadence-advancedheading has-kb-palette-2-color has-text-color\" data-kb-block=\"kb-adv-heading_919c40-90\">Presentaci\u00f3n Ayuntamiento de Granada<\/h2>\n\n\n\n[ngg src=\u00bbtags\u00bb ids=\u00bbrta\u00bb display=\u00bbbasic_thumbnail\u00bb thumbnail_crop=\u00bb0&#8243;]\n","protected":false},"excerpt":{"rendered":"","protected":false},"author":1,"featured_media":0,"parent":0,"menu_order":0,"comment_status":"closed","ping_status":"closed","template":"","meta":{"_et_pb_use_builder":"","_et_pb_old_content":"","_et_gb_content_width":"","footnotes":""},"class_list":["post-147","page","type-page","status-publish","hentry"],"yoast_head":"<!-- This site is optimized with the Yoast SEO plugin v27.3 - https:\/\/yoast.com\/product\/yoast-seo-wordpress\/ -->\n<title>Fotograf\u00edas - Rallye Team Andalucia<\/title>\n<meta name=\"description\" content=\"Material gr\u00e1fico de los equipos y actividades que realiza Andaluc\u00eda Rally Team\" \/>\n<meta name=\"robots\" content=\"index, follow, max-snippet:-1, max-image-preview:large, max-video-preview:-1\" \/>\n<link rel=\"canonical\" href=\"https:\/\/faa.net\/rtandalucia\/fotografias\/\" \/>\n<meta property=\"og:locale\" content=\"es_ES\" \/>\n<meta property=\"og:type\" content=\"article\" \/>\n<meta property=\"og:title\" content=\"Fotograf\u00edas - Rallye Team Andalucia\" \/>\n<meta property=\"og:description\" content=\"Material gr\u00e1fico de los equipos y actividades que realiza Andaluc\u00eda Rally Team\" \/>\n<meta property=\"og:url\" content=\"https:\/\/faa.net\/rtandalucia\/fotografias\/\" \/>\n<meta property=\"og:site_name\" content=\"Rallye Team Andalucia\" \/>\n<meta property=\"article:modified_time\" content=\"2022-03-07T17:19:08+00:00\" \/>\n<meta property=\"og:image\" content=\"https:\/\/faa.net\/rtandalucia\/wp-content\/uploads\/2022\/02\/rtandalucia-favicon-300x201.png\" \/>\n<meta name=\"twitter:card\" content=\"summary_large_image\" \/>\n<meta name=\"twitter:label1\" content=\"Tiempo de lectura\" \/>\n\t<meta name=\"twitter:data1\" content=\"1 minuto\" \/>\n<script type=\"application\/ld+json\" class=\"yoast-schema-graph\">{\"@context\":\"https:\\\/\\\/schema.org\",\"@graph\":[{\"@type\":\"WebPage\",\"@id\":\"https:\\\/\\\/faa.net\\\/rtandalucia\\\/fotografias\\\/\",\"url\":\"https:\\\/\\\/faa.net\\\/rtandalucia\\\/fotografias\\\/\",\"name\":\"Fotograf\u00edas - Rallye Team Andalucia\",\"isPartOf\":{\"@id\":\"https:\\\/\\\/faa.net\\\/rtandalucia\\\/#website\"},\"primaryImageOfPage\":{\"@id\":\"https:\\\/\\\/faa.net\\\/rtandalucia\\\/fotografias\\\/#primaryimage\"},\"image\":{\"@id\":\"https:\\\/\\\/faa.net\\\/rtandalucia\\\/fotografias\\\/#primaryimage\"},\"thumbnailUrl\":\"https:\\\/\\\/faa.net\\\/rtandalucia\\\/wp-content\\\/uploads\\\/2022\\\/02\\\/rtandalucia-favicon-300x201.png\",\"datePublished\":\"2022-03-02T12:49:25+00:00\",\"dateModified\":\"2022-03-07T17:19:08+00:00\",\"description\":\"Material gr\u00e1fico de los equipos y actividades que realiza Andaluc\u00eda Rally Team\",\"breadcrumb\":{\"@id\":\"https:\\\/\\\/faa.net\\\/rtandalucia\\\/fotografias\\\/#breadcrumb\"},\"inLanguage\":\"es\",\"potentialAction\":[{\"@type\":\"ReadAction\",\"target\":[\"https:\\\/\\\/faa.net\\\/rtandalucia\\\/fotografias\\\/\"]}]},{\"@type\":\"ImageObject\",\"inLanguage\":\"es\",\"@id\":\"https:\\\/\\\/faa.net\\\/rtandalucia\\\/fotografias\\\/#primaryimage\",\"url\":\"https:\\\/\\\/faa.net\\\/rtandalucia\\\/wp-content\\\/uploads\\\/2022\\\/02\\\/rtandalucia-favicon.png\",\"contentUrl\":\"https:\\\/\\\/faa.net\\\/rtandalucia\\\/wp-content\\\/uploads\\\/2022\\\/02\\\/rtandalucia-favicon.png\",\"width\":480,\"height\":321},{\"@type\":\"BreadcrumbList\",\"@id\":\"https:\\\/\\\/faa.net\\\/rtandalucia\\\/fotografias\\\/#breadcrumb\",\"itemListElement\":[{\"@type\":\"ListItem\",\"position\":1,\"name\":\"Portada\",\"item\":\"https:\\\/\\\/faa.net\\\/rtandalucia\\\/\"},{\"@type\":\"ListItem\",\"position\":2,\"name\":\"Fotograf\u00edas\"}]},{\"@type\":\"WebSite\",\"@id\":\"https:\\\/\\\/faa.net\\\/rtandalucia\\\/#website\",\"url\":\"https:\\\/\\\/faa.net\\\/rtandalucia\\\/\",\"name\":\"Rallye Team Andalucia\",\"description\":\"- Un proyecto de la Federaci\u00f3n Andaluza de Automovilismo\",\"potentialAction\":[{\"@type\":\"SearchAction\",\"target\":{\"@type\":\"EntryPoint\",\"urlTemplate\":\"https:\\\/\\\/faa.net\\\/rtandalucia\\\/?s={search_term_string}\"},\"query-input\":{\"@type\":\"PropertyValueSpecification\",\"valueRequired\":true,\"valueName\":\"search_term_string\"}}],\"inLanguage\":\"es\"}]}<\/script>\n<!-- \/ Yoast SEO plugin. -->","yoast_head_json":{"title":"Fotograf\u00edas - Rallye Team Andalucia","description":"Material gr\u00e1fico de los equipos y actividades que realiza Andaluc\u00eda Rally Team","robots":{"index":"index","follow":"follow","max-snippet":"max-snippet:-1","max-image-preview":"max-image-preview:large","max-video-preview":"max-video-preview:-1"},"canonical":"https:\/\/faa.net\/rtandalucia\/fotografias\/","og_locale":"es_ES","og_type":"article","og_title":"Fotograf\u00edas - Rallye Team Andalucia","og_description":"Material gr\u00e1fico de los equipos y actividades que realiza Andaluc\u00eda Rally Team","og_url":"https:\/\/faa.net\/rtandalucia\/fotografias\/","og_site_name":"Rallye Team Andalucia","article_modified_time":"2022-03-07T17:19:08+00:00","og_image":[{"url":"https:\/\/faa.net\/rtandalucia\/wp-content\/uploads\/2022\/02\/rtandalucia-favicon-300x201.png","type":"","width":"","height":""}],"twitter_card":"summary_large_image","twitter_misc":{"Tiempo de lectura":"1 minuto"},"schema":{"@context":"https:\/\/schema.org","@graph":[{"@type":"WebPage","@id":"https:\/\/faa.net\/rtandalucia\/fotografias\/","url":"https:\/\/faa.net\/rtandalucia\/fotografias\/","name":"Fotograf\u00edas - Rallye Team Andalucia","isPartOf":{"@id":"https:\/\/faa.net\/rtandalucia\/#website"},"primaryImageOfPage":{"@id":"https:\/\/faa.net\/rtandalucia\/fotografias\/#primaryimage"},"image":{"@id":"https:\/\/faa.net\/rtandalucia\/fotografias\/#primaryimage"},"thumbnailUrl":"https:\/\/faa.net\/rtandalucia\/wp-content\/uploads\/2022\/02\/rtandalucia-favicon-300x201.png","datePublished":"2022-03-02T12:49:25+00:00","dateModified":"2022-03-07T17:19:08+00:00","description":"Material gr\u00e1fico de los equipos y actividades que realiza Andaluc\u00eda Rally Team","breadcrumb":{"@id":"https:\/\/faa.net\/rtandalucia\/fotografias\/#breadcrumb"},"inLanguage":"es","potentialAction":[{"@type":"ReadAction","target":["https:\/\/faa.net\/rtandalucia\/fotografias\/"]}]},{"@type":"ImageObject","inLanguage":"es","@id":"https:\/\/faa.net\/rtandalucia\/fotografias\/#primaryimage","url":"https:\/\/faa.net\/rtandalucia\/wp-content\/uploads\/2022\/02\/rtandalucia-favicon.png","contentUrl":"https:\/\/faa.net\/rtandalucia\/wp-content\/uploads\/2022\/02\/rtandalucia-favicon.png","width":480,"height":321},{"@type":"BreadcrumbList","@id":"https:\/\/faa.net\/rtandalucia\/fotografias\/#breadcrumb","itemListElement":[{"@type":"ListItem","position":1,"name":"Portada","item":"https:\/\/faa.net\/rtandalucia\/"},{"@type":"ListItem","position":2,"name":"Fotograf\u00edas"}]},{"@type":"WebSite","@id":"https:\/\/faa.net\/rtandalucia\/#website","url":"https:\/\/faa.net\/rtandalucia\/","name":"Rallye Team Andalucia","description":"- Un proyecto de la Federaci\u00f3n Andaluza de Automovilismo","potentialAction":[{"@type":"SearchAction","target":{"@type":"EntryPoint","urlTemplate":"https:\/\/faa.net\/rtandalucia\/?s={search_term_string}"},"query-input":{"@type":"PropertyValueSpecification","valueRequired":true,"valueName":"search_term_string"}}],"inLanguage":"es"}]}},"_links":{"self":[{"href":"https:\/\/faa.net\/rtandalucia\/wp-json\/wp\/v2\/pages\/147","targetHints":{"allow":["GET"]}}],"collection":[{"href":"https:\/\/faa.net\/rtandalucia\/wp-json\/wp\/v2\/pages"}],"about":[{"href":"https:\/\/faa.net\/rtandalucia\/wp-json\/wp\/v2\/types\/page"}],"author":[{"embeddable":true,"href":"https:\/\/faa.net\/rtandalucia\/wp-json\/wp\/v2\/users\/1"}],"replies":[{"embeddable":true,"href":"https:\/\/faa.net\/rtandalucia\/wp-json\/wp\/v2\/comments?post=147"}],"version-history":[{"count":3,"href":"https:\/\/faa.net\/rtandalucia\/wp-json\/wp\/v2\/pages\/147\/revisions"}],"predecessor-version":[{"id":289,"href":"https:\/\/faa.net\/rtandalucia\/wp-json\/wp\/v2\/pages\/147\/revisions\/289"}],"wp:attachment":[{"href":"https:\/\/faa.net\/rtandalucia\/wp-json\/wp\/v2\/media?parent=147"}],"curies":[{"name":"wp","href":"https:\/\/api.w.org\/{rel}","templated":true}]}}