{"id":239,"date":"2022-03-04T19:11:04","date_gmt":"2022-03-04T18:11:04","guid":{"rendered":"https:\/\/faa.net\/rtandalucia\/?page_id=239"},"modified":"2022-03-04T20:22:20","modified_gmt":"2022-03-04T19:22:20","slug":"difusion","status":"publish","type":"page","link":"https:\/\/faa.net\/rtandalucia\/difusion\/","title":{"rendered":"Difusi\u00f3n"},"content":{"rendered":"\n<h1 class=\"kt-adv-heading_e4c59b-a0 wp-block-kadence-advancedheading has-kb-palette-2-color has-text-color\" data-kb-block=\"kb-adv-heading_e4c59b-a0\">Rally Team Andaluc\u00eda en los Medios de Comunicaci\u00f3n<\/h1>\n\n\n\n<div class=\"wp-block-image\"><figure class=\"aligncenter size-medium\"><img loading=\"lazy\" decoding=\"async\" width=\"300\" height=\"201\" src=\"https:\/\/faa.net\/rtandalucia\/wp-content\/uploads\/2022\/02\/rtandalucia-favicon-300x201.png\" alt=\"\" class=\"wp-image-9\" srcset=\"https:\/\/faa.net\/rtandalucia\/wp-content\/uploads\/2022\/02\/rtandalucia-favicon-300x201.png 300w, https:\/\/faa.net\/rtandalucia\/wp-content\/uploads\/2022\/02\/rtandalucia-favicon-200x134.png 200w, https:\/\/faa.net\/rtandalucia\/wp-content\/uploads\/2022\/02\/rtandalucia-favicon-400x268.png 400w, https:\/\/faa.net\/rtandalucia\/wp-content\/uploads\/2022\/02\/rtandalucia-favicon.png 480w\" sizes=\"(max-width: 300px) 100vw, 300px\" \/><\/figure><\/div>\n\n\n\n<p>Aqu\u00ed encontrar\u00e1 un resumen de todo lo que publican los medios de comunicaci\u00f3n sobre Rally Team Andaluc\u00eda.<\/p>\n\n\n\n<p><a href=\"https:\/\/www.malagamotor.com\/con-la-presentacion-oficial-andalucia-rally-team-el-nuevo-proyecto-de-la-federacion-andaluza-de-automovilismo-para-becar-jovenes-pilotos-ya-es-una-realidad\/\" target=\"_blank\" rel=\"noreferrer noopener\">Noticia Revista M\u00e1laga Motor presentaci\u00f3n Rally Team Andaluc\u00eda 040322 &#8211; pincha para ir.<\/a><\/p>\n\n\n\n<p><a href=\"https:\/\/faa.net\/rtandalucia\/wp-content\/uploads\/2022\/03\/articulo-rally-team-andalucia-presentacion-revista-malaga-motor-040322.jpg\" target=\"_blank\" rel=\"noreferrer noopener\">Descargar art\u00edculo.<\/a><\/p>\n\n\n\n<p><a href=\"https:\/\/www.revista4x4.es\/el-nuevo-proyecto-rally-team-andalucia-contara-esta-temporada-con-dos-equipos-que-correran-la-copa-kobe-de-rallyes-en-tierra\/\" target=\"_blank\" rel=\"noreferrer noopener\">Noticia Revista 4&#215;4 presentaci\u00f3n Rally Team Andaluc\u00eda 040322 &#8211; pincha para ir.<\/a><\/p>\n\n\n\n<p><a href=\"https:\/\/faa.net\/rtandalucia\/wp-content\/uploads\/2022\/03\/articulo-rally-team-andalucia-presentacion-revista-4x4-040322.jpg\" target=\"_blank\" rel=\"noreferrer noopener\">Descargar art\u00edculo.<\/a><\/p>\n\n\n\n<p>Noticia Granada Hoy Peri\u00f3dico presentaci\u00f3n Rally Team Andaluc\u00eda 040322<\/p>\n\n\n\n<p><a href=\"https:\/\/faa.net\/rtandalucia\/wp-content\/uploads\/2022\/03\/articulo-rally-team-andalucia-granada-hoy-periodico-040322.jpeg\" target=\"_blank\" rel=\"noreferrer noopener\">Descargar art\u00edculo.<\/a><\/p>\n\n\n\n<p><a href=\"http:\/\/www.culturaracing.es\/presentacion-rallye-team-andalucia\/\" target=\"_blank\" rel=\"noreferrer noopener\">Noticia Cultura Racing presentaci\u00f3n Rally Team Andaluc\u00eda 030322 &#8211; pincha para ir.<\/a><\/p>\n\n\n\n<p><a href=\"https:\/\/faa.net\/rtandalucia\/wp-content\/uploads\/2022\/03\/articulo-rally-team-andalucia-presentacion-cultura-racing-030322-scaled.jpg\" target=\"_blank\" rel=\"noreferrer noopener\">Descargar art\u00edculo.<\/a><\/p>\n\n\n\n<p><a href=\"https:\/\/www.granadahoy.com\/deportes\/automovilismo-rally-team-andalucia-granada_0_1661835903.html\" target=\"_blank\" rel=\"noreferrer noopener\">Noticia Granada Hoy Digital presentaci\u00f3n Rally Team Andaluc\u00eda 030322 &#8211; pincha para ir.<\/a><\/p>\n\n\n\n<p><a href=\"https:\/\/faa.net\/rtandalucia\/wp-content\/uploads\/2022\/03\/articulo-rally-team-andalucia-granada-hoy-030322.jpg\" target=\"_blank\" rel=\"noreferrer noopener\">Descargar art\u00edculo.<\/a><\/p>\n\n\n\n<p><\/p>\n\n\n\n<p><\/p>\n","protected":false},"excerpt":{"rendered":"<p>Aqu\u00ed encontrar\u00e1 un resumen de todo lo que publican los medios de comunicaci\u00f3n sobre Rally Team Andaluc\u00eda. Noticia Revista M\u00e1laga Motor presentaci\u00f3n Rally Team Andaluc\u00eda 040322 &#8211; pincha para ir. Descargar art\u00edculo. Noticia Revista 4&#215;4 presentaci\u00f3n Rally Team Andaluc\u00eda 040322 &#8211; pincha para ir. Descargar art\u00edculo. Noticia Granada Hoy Peri\u00f3dico presentaci\u00f3n Rally Team Andaluc\u00eda 040322 [&hellip;]<\/p>\n","protected":false},"author":1,"featured_media":0,"parent":0,"menu_order":0,"comment_status":"closed","ping_status":"closed","template":"","meta":{"_et_pb_use_builder":"","_et_pb_old_content":"","_et_gb_content_width":"","footnotes":""},"class_list":["post-239","page","type-page","status-publish","hentry"],"yoast_head":"<!-- This site is optimized with the Yoast SEO plugin v27.3 - https:\/\/yoast.com\/product\/yoast-seo-wordpress\/ -->\n<title>Difusi\u00f3n - Rallye Team Andalucia<\/title>\n<meta name=\"description\" content=\"Resumen de todo lo que publican los medios de comunicaci\u00f3n sobre el proyecto Rally Team Andaluc\u00eda y los equipos que lo componen.\" \/>\n<meta name=\"robots\" content=\"index, follow, max-snippet:-1, max-image-preview:large, max-video-preview:-1\" \/>\n<link rel=\"canonical\" href=\"https:\/\/faa.net\/rtandalucia\/difusion\/\" \/>\n<meta property=\"og:locale\" content=\"es_ES\" \/>\n<meta property=\"og:type\" content=\"article\" \/>\n<meta property=\"og:title\" content=\"Difusi\u00f3n - Rallye Team Andalucia\" \/>\n<meta property=\"og:description\" content=\"Resumen de todo lo que publican los medios de comunicaci\u00f3n sobre el proyecto Rally Team Andaluc\u00eda y los equipos que lo componen.\" \/>\n<meta property=\"og:url\" content=\"https:\/\/faa.net\/rtandalucia\/difusion\/\" \/>\n<meta property=\"og:site_name\" content=\"Rallye Team Andalucia\" \/>\n<meta property=\"article:modified_time\" content=\"2022-03-04T19:22:20+00:00\" \/>\n<meta property=\"og:image\" content=\"https:\/\/faa.net\/rtandalucia\/wp-content\/uploads\/2022\/02\/rtandalucia-favicon-300x201.png\" \/>\n<meta name=\"twitter:card\" content=\"summary_large_image\" \/>\n<meta name=\"twitter:label1\" content=\"Tiempo de lectura\" \/>\n\t<meta name=\"twitter:data1\" content=\"1 minuto\" \/>\n<script type=\"application\/ld+json\" class=\"yoast-schema-graph\">{\"@context\":\"https:\\\/\\\/schema.org\",\"@graph\":[{\"@type\":\"WebPage\",\"@id\":\"https:\\\/\\\/faa.net\\\/rtandalucia\\\/difusion\\\/\",\"url\":\"https:\\\/\\\/faa.net\\\/rtandalucia\\\/difusion\\\/\",\"name\":\"Difusi\u00f3n - Rallye Team Andalucia\",\"isPartOf\":{\"@id\":\"https:\\\/\\\/faa.net\\\/rtandalucia\\\/#website\"},\"primaryImageOfPage\":{\"@id\":\"https:\\\/\\\/faa.net\\\/rtandalucia\\\/difusion\\\/#primaryimage\"},\"image\":{\"@id\":\"https:\\\/\\\/faa.net\\\/rtandalucia\\\/difusion\\\/#primaryimage\"},\"thumbnailUrl\":\"https:\\\/\\\/faa.net\\\/rtandalucia\\\/wp-content\\\/uploads\\\/2022\\\/02\\\/rtandalucia-favicon-300x201.png\",\"datePublished\":\"2022-03-04T18:11:04+00:00\",\"dateModified\":\"2022-03-04T19:22:20+00:00\",\"description\":\"Resumen de todo lo que publican los medios de comunicaci\u00f3n sobre el proyecto Rally Team Andaluc\u00eda y los equipos que lo componen.\",\"breadcrumb\":{\"@id\":\"https:\\\/\\\/faa.net\\\/rtandalucia\\\/difusion\\\/#breadcrumb\"},\"inLanguage\":\"es\",\"potentialAction\":[{\"@type\":\"ReadAction\",\"target\":[\"https:\\\/\\\/faa.net\\\/rtandalucia\\\/difusion\\\/\"]}]},{\"@type\":\"ImageObject\",\"inLanguage\":\"es\",\"@id\":\"https:\\\/\\\/faa.net\\\/rtandalucia\\\/difusion\\\/#primaryimage\",\"url\":\"https:\\\/\\\/faa.net\\\/rtandalucia\\\/wp-content\\\/uploads\\\/2022\\\/02\\\/rtandalucia-favicon.png\",\"contentUrl\":\"https:\\\/\\\/faa.net\\\/rtandalucia\\\/wp-content\\\/uploads\\\/2022\\\/02\\\/rtandalucia-favicon.png\",\"width\":480,\"height\":321},{\"@type\":\"BreadcrumbList\",\"@id\":\"https:\\\/\\\/faa.net\\\/rtandalucia\\\/difusion\\\/#breadcrumb\",\"itemListElement\":[{\"@type\":\"ListItem\",\"position\":1,\"name\":\"Portada\",\"item\":\"https:\\\/\\\/faa.net\\\/rtandalucia\\\/\"},{\"@type\":\"ListItem\",\"position\":2,\"name\":\"Difusi\u00f3n\"}]},{\"@type\":\"WebSite\",\"@id\":\"https:\\\/\\\/faa.net\\\/rtandalucia\\\/#website\",\"url\":\"https:\\\/\\\/faa.net\\\/rtandalucia\\\/\",\"name\":\"Rallye Team Andalucia\",\"description\":\"- Un proyecto de la Federaci\u00f3n Andaluza de Automovilismo\",\"potentialAction\":[{\"@type\":\"SearchAction\",\"target\":{\"@type\":\"EntryPoint\",\"urlTemplate\":\"https:\\\/\\\/faa.net\\\/rtandalucia\\\/?s={search_term_string}\"},\"query-input\":{\"@type\":\"PropertyValueSpecification\",\"valueRequired\":true,\"valueName\":\"search_term_string\"}}],\"inLanguage\":\"es\"}]}<\/script>\n<!-- \/ Yoast SEO plugin. -->","yoast_head_json":{"title":"Difusi\u00f3n - Rallye Team Andalucia","description":"Resumen de todo lo que publican los medios de comunicaci\u00f3n sobre el proyecto Rally Team Andaluc\u00eda y los equipos que lo componen.","robots":{"index":"index","follow":"follow","max-snippet":"max-snippet:-1","max-image-preview":"max-image-preview:large","max-video-preview":"max-video-preview:-1"},"canonical":"https:\/\/faa.net\/rtandalucia\/difusion\/","og_locale":"es_ES","og_type":"article","og_title":"Difusi\u00f3n - Rallye Team Andalucia","og_description":"Resumen de todo lo que publican los medios de comunicaci\u00f3n sobre el proyecto Rally Team Andaluc\u00eda y los equipos que lo componen.","og_url":"https:\/\/faa.net\/rtandalucia\/difusion\/","og_site_name":"Rallye Team Andalucia","article_modified_time":"2022-03-04T19:22:20+00:00","og_image":[{"url":"https:\/\/faa.net\/rtandalucia\/wp-content\/uploads\/2022\/02\/rtandalucia-favicon-300x201.png","type":"","width":"","height":""}],"twitter_card":"summary_large_image","twitter_misc":{"Tiempo de lectura":"1 minuto"},"schema":{"@context":"https:\/\/schema.org","@graph":[{"@type":"WebPage","@id":"https:\/\/faa.net\/rtandalucia\/difusion\/","url":"https:\/\/faa.net\/rtandalucia\/difusion\/","name":"Difusi\u00f3n - Rallye Team Andalucia","isPartOf":{"@id":"https:\/\/faa.net\/rtandalucia\/#website"},"primaryImageOfPage":{"@id":"https:\/\/faa.net\/rtandalucia\/difusion\/#primaryimage"},"image":{"@id":"https:\/\/faa.net\/rtandalucia\/difusion\/#primaryimage"},"thumbnailUrl":"https:\/\/faa.net\/rtandalucia\/wp-content\/uploads\/2022\/02\/rtandalucia-favicon-300x201.png","datePublished":"2022-03-04T18:11:04+00:00","dateModified":"2022-03-04T19:22:20+00:00","description":"Resumen de todo lo que publican los medios de comunicaci\u00f3n sobre el proyecto Rally Team Andaluc\u00eda y los equipos que lo componen.","breadcrumb":{"@id":"https:\/\/faa.net\/rtandalucia\/difusion\/#breadcrumb"},"inLanguage":"es","potentialAction":[{"@type":"ReadAction","target":["https:\/\/faa.net\/rtandalucia\/difusion\/"]}]},{"@type":"ImageObject","inLanguage":"es","@id":"https:\/\/faa.net\/rtandalucia\/difusion\/#primaryimage","url":"https:\/\/faa.net\/rtandalucia\/wp-content\/uploads\/2022\/02\/rtandalucia-favicon.png","contentUrl":"https:\/\/faa.net\/rtandalucia\/wp-content\/uploads\/2022\/02\/rtandalucia-favicon.png","width":480,"height":321},{"@type":"BreadcrumbList","@id":"https:\/\/faa.net\/rtandalucia\/difusion\/#breadcrumb","itemListElement":[{"@type":"ListItem","position":1,"name":"Portada","item":"https:\/\/faa.net\/rtandalucia\/"},{"@type":"ListItem","position":2,"name":"Difusi\u00f3n"}]},{"@type":"WebSite","@id":"https:\/\/faa.net\/rtandalucia\/#website","url":"https:\/\/faa.net\/rtandalucia\/","name":"Rallye Team Andalucia","description":"- Un proyecto de la Federaci\u00f3n Andaluza de Automovilismo","potentialAction":[{"@type":"SearchAction","target":{"@type":"EntryPoint","urlTemplate":"https:\/\/faa.net\/rtandalucia\/?s={search_term_string}"},"query-input":{"@type":"PropertyValueSpecification","valueRequired":true,"valueName":"search_term_string"}}],"inLanguage":"es"}]}},"_links":{"self":[{"href":"https:\/\/faa.net\/rtandalucia\/wp-json\/wp\/v2\/pages\/239","targetHints":{"allow":["GET"]}}],"collection":[{"href":"https:\/\/faa.net\/rtandalucia\/wp-json\/wp\/v2\/pages"}],"about":[{"href":"https:\/\/faa.net\/rtandalucia\/wp-json\/wp\/v2\/types\/page"}],"author":[{"embeddable":true,"href":"https:\/\/faa.net\/rtandalucia\/wp-json\/wp\/v2\/users\/1"}],"replies":[{"embeddable":true,"href":"https:\/\/faa.net\/rtandalucia\/wp-json\/wp\/v2\/comments?post=239"}],"version-history":[{"count":10,"href":"https:\/\/faa.net\/rtandalucia\/wp-json\/wp\/v2\/pages\/239\/revisions"}],"predecessor-version":[{"id":260,"href":"https:\/\/faa.net\/rtandalucia\/wp-json\/wp\/v2\/pages\/239\/revisions\/260"}],"wp:attachment":[{"href":"https:\/\/faa.net\/rtandalucia\/wp-json\/wp\/v2\/media?parent=239"}],"curies":[{"name":"wp","href":"https:\/\/api.w.org\/{rel}","templated":true}]}}