{"id":261,"date":"2022-03-04T20:25:59","date_gmt":"2022-03-04T19:25:59","guid":{"rendered":"https:\/\/faa.net\/rtandalucia\/?page_id=261"},"modified":"2022-03-04T20:28:41","modified_gmt":"2022-03-04T19:28:41","slug":"fotos-salvador-espana","status":"publish","type":"page","link":"https:\/\/faa.net\/rtandalucia\/fotos-salvador-espana\/","title":{"rendered":"Fotos Salvador Espa\u00f1a"},"content":{"rendered":"\n<div class=\"wp-block-image\"><figure class=\"aligncenter size-medium\"><img loading=\"lazy\" decoding=\"async\" width=\"300\" height=\"201\" src=\"https:\/\/faa.net\/rtandalucia\/wp-content\/uploads\/2022\/02\/rtandalucia-favicon-300x201.png\" alt=\"\" class=\"wp-image-9\" srcset=\"https:\/\/faa.net\/rtandalucia\/wp-content\/uploads\/2022\/02\/rtandalucia-favicon-300x201.png 300w, https:\/\/faa.net\/rtandalucia\/wp-content\/uploads\/2022\/02\/rtandalucia-favicon-200x134.png 200w, https:\/\/faa.net\/rtandalucia\/wp-content\/uploads\/2022\/02\/rtandalucia-favicon-400x268.png 400w, https:\/\/faa.net\/rtandalucia\/wp-content\/uploads\/2022\/02\/rtandalucia-favicon.png 480w\" sizes=\"(max-width: 300px) 100vw, 300px\" \/><\/figure><\/div>\n\n\n\n<h1 class=\"kt-adv-heading_0cf191-c7 wp-block-kadence-advancedheading has-kb-palette-2-color has-text-color\" data-kb-block=\"kb-adv-heading_0cf191-c7\">Fotos Salvador Espa\u00f1a<\/h1>\n\n\n\n<h1 class=\"kt-adv-heading_4ee928-48 wp-block-kadence-advancedheading has-kb-palette-2-color has-text-color\" data-kb-block=\"kb-adv-heading_4ee928-48\">Piloto Rally Team Andaluc\u00eda<\/h1>\n\n\n\n<p>\u00c1lbum de Fotos Salvador Espa\u00f1a y Miriam Antelo libres de derechos para su utilizaci\u00f3n en prensa y medios de comunicaci\u00f3n.<\/p>\n\n\n\n<p><a href=\"https:\/\/faa.net\/rtandalucia\/salvador-espana\/\">Saber m\u00e1s sobre Salvador Espa\u00f1a y Miriam Antelo.<\/a><\/p>\n\n\n\n[ngg src=\u00bbtags\u00bb ids=\u00bbsalvador\u00bb display=\u00bbbasic_thumbnail\u00bb thumbnail_crop=\u00bb0&#8243; images_per_page=\u00bb200&#8243;]\n","protected":false},"excerpt":{"rendered":"<p>\u00c1lbum de Fotos Salvador Espa\u00f1a y Miriam Antelo libres de derechos para su utilizaci\u00f3n en prensa y medios de comunicaci\u00f3n. Saber m\u00e1s sobre Salvador Espa\u00f1a y Miriam Antelo.<\/p>\n","protected":false},"author":1,"featured_media":0,"parent":0,"menu_order":0,"comment_status":"closed","ping_status":"closed","template":"","meta":{"_et_pb_use_builder":"","_et_pb_old_content":"","_et_gb_content_width":"","footnotes":""},"class_list":["post-261","page","type-page","status-publish","hentry"],"yoast_head":"<!-- This site is optimized with the Yoast SEO plugin v27.5 - https:\/\/yoast.com\/product\/yoast-seo-wordpress\/ -->\n<title>Fotos Salvador Espa\u00f1a - Rallye Team Andalucia<\/title>\n<meta name=\"description\" content=\"\u00c1lbum fotogr\u00e1fico de Salvador Espa\u00f1a, piloto de Rally Team Andaluc\u00eda, libres de derechos para su utilizaci\u00f3n en prensa.\" \/>\n<meta name=\"robots\" content=\"index, follow, max-snippet:-1, max-image-preview:large, max-video-preview:-1\" \/>\n<link rel=\"canonical\" href=\"https:\/\/faa.net\/rtandalucia\/fotos-salvador-espana\/\" \/>\n<meta property=\"og:locale\" content=\"es_ES\" \/>\n<meta property=\"og:type\" content=\"article\" \/>\n<meta property=\"og:title\" content=\"Fotos Salvador Espa\u00f1a - Rallye Team Andalucia\" \/>\n<meta property=\"og:description\" content=\"\u00c1lbum fotogr\u00e1fico de Salvador Espa\u00f1a, piloto de Rally Team Andaluc\u00eda, libres de derechos para su utilizaci\u00f3n en prensa.\" \/>\n<meta property=\"og:url\" content=\"https:\/\/faa.net\/rtandalucia\/fotos-salvador-espana\/\" \/>\n<meta property=\"og:site_name\" content=\"Rallye Team Andalucia\" \/>\n<meta property=\"article:modified_time\" content=\"2022-03-04T19:28:41+00:00\" \/>\n<meta property=\"og:image\" content=\"https:\/\/faa.net\/rtandalucia\/wp-content\/uploads\/2022\/02\/rtandalucia-favicon-300x201.png\" \/>\n<meta name=\"twitter:card\" content=\"summary_large_image\" \/>\n<meta name=\"twitter:label1\" content=\"Tiempo de lectura\" \/>\n\t<meta name=\"twitter:data1\" content=\"1 minuto\" \/>\n<script type=\"application\/ld+json\" class=\"yoast-schema-graph\">{\"@context\":\"https:\\\/\\\/schema.org\",\"@graph\":[{\"@type\":\"WebPage\",\"@id\":\"https:\\\/\\\/faa.net\\\/rtandalucia\\\/fotos-salvador-espana\\\/\",\"url\":\"https:\\\/\\\/faa.net\\\/rtandalucia\\\/fotos-salvador-espana\\\/\",\"name\":\"Fotos Salvador Espa\u00f1a - Rallye Team Andalucia\",\"isPartOf\":{\"@id\":\"https:\\\/\\\/faa.net\\\/rtandalucia\\\/#website\"},\"primaryImageOfPage\":{\"@id\":\"https:\\\/\\\/faa.net\\\/rtandalucia\\\/fotos-salvador-espana\\\/#primaryimage\"},\"image\":{\"@id\":\"https:\\\/\\\/faa.net\\\/rtandalucia\\\/fotos-salvador-espana\\\/#primaryimage\"},\"thumbnailUrl\":\"https:\\\/\\\/faa.net\\\/rtandalucia\\\/wp-content\\\/uploads\\\/2022\\\/02\\\/rtandalucia-favicon-300x201.png\",\"datePublished\":\"2022-03-04T19:25:59+00:00\",\"dateModified\":\"2022-03-04T19:28:41+00:00\",\"description\":\"\u00c1lbum fotogr\u00e1fico de Salvador Espa\u00f1a, piloto de Rally Team Andaluc\u00eda, libres de derechos para su utilizaci\u00f3n en prensa.\",\"breadcrumb\":{\"@id\":\"https:\\\/\\\/faa.net\\\/rtandalucia\\\/fotos-salvador-espana\\\/#breadcrumb\"},\"inLanguage\":\"es\",\"potentialAction\":[{\"@type\":\"ReadAction\",\"target\":[\"https:\\\/\\\/faa.net\\\/rtandalucia\\\/fotos-salvador-espana\\\/\"]}]},{\"@type\":\"ImageObject\",\"inLanguage\":\"es\",\"@id\":\"https:\\\/\\\/faa.net\\\/rtandalucia\\\/fotos-salvador-espana\\\/#primaryimage\",\"url\":\"https:\\\/\\\/faa.net\\\/rtandalucia\\\/wp-content\\\/uploads\\\/2022\\\/02\\\/rtandalucia-favicon.png\",\"contentUrl\":\"https:\\\/\\\/faa.net\\\/rtandalucia\\\/wp-content\\\/uploads\\\/2022\\\/02\\\/rtandalucia-favicon.png\",\"width\":480,\"height\":321},{\"@type\":\"BreadcrumbList\",\"@id\":\"https:\\\/\\\/faa.net\\\/rtandalucia\\\/fotos-salvador-espana\\\/#breadcrumb\",\"itemListElement\":[{\"@type\":\"ListItem\",\"position\":1,\"name\":\"Portada\",\"item\":\"https:\\\/\\\/faa.net\\\/rtandalucia\\\/\"},{\"@type\":\"ListItem\",\"position\":2,\"name\":\"Fotos Salvador Espa\u00f1a\"}]},{\"@type\":\"WebSite\",\"@id\":\"https:\\\/\\\/faa.net\\\/rtandalucia\\\/#website\",\"url\":\"https:\\\/\\\/faa.net\\\/rtandalucia\\\/\",\"name\":\"Rallye Team Andalucia\",\"description\":\"- Un proyecto de la Federaci\u00f3n Andaluza de Automovilismo\",\"potentialAction\":[{\"@type\":\"SearchAction\",\"target\":{\"@type\":\"EntryPoint\",\"urlTemplate\":\"https:\\\/\\\/faa.net\\\/rtandalucia\\\/?s={search_term_string}\"},\"query-input\":{\"@type\":\"PropertyValueSpecification\",\"valueRequired\":true,\"valueName\":\"search_term_string\"}}],\"inLanguage\":\"es\"}]}<\/script>\n<!-- \/ Yoast SEO plugin. -->","yoast_head_json":{"title":"Fotos Salvador Espa\u00f1a - Rallye Team Andalucia","description":"\u00c1lbum fotogr\u00e1fico de Salvador Espa\u00f1a, piloto de Rally Team Andaluc\u00eda, libres de derechos para su utilizaci\u00f3n en prensa.","robots":{"index":"index","follow":"follow","max-snippet":"max-snippet:-1","max-image-preview":"max-image-preview:large","max-video-preview":"max-video-preview:-1"},"canonical":"https:\/\/faa.net\/rtandalucia\/fotos-salvador-espana\/","og_locale":"es_ES","og_type":"article","og_title":"Fotos Salvador Espa\u00f1a - Rallye Team Andalucia","og_description":"\u00c1lbum fotogr\u00e1fico de Salvador Espa\u00f1a, piloto de Rally Team Andaluc\u00eda, libres de derechos para su utilizaci\u00f3n en prensa.","og_url":"https:\/\/faa.net\/rtandalucia\/fotos-salvador-espana\/","og_site_name":"Rallye Team Andalucia","article_modified_time":"2022-03-04T19:28:41+00:00","og_image":[{"url":"https:\/\/faa.net\/rtandalucia\/wp-content\/uploads\/2022\/02\/rtandalucia-favicon-300x201.png","type":"","width":"","height":""}],"twitter_card":"summary_large_image","twitter_misc":{"Tiempo de lectura":"1 minuto"},"schema":{"@context":"https:\/\/schema.org","@graph":[{"@type":"WebPage","@id":"https:\/\/faa.net\/rtandalucia\/fotos-salvador-espana\/","url":"https:\/\/faa.net\/rtandalucia\/fotos-salvador-espana\/","name":"Fotos Salvador Espa\u00f1a - Rallye Team Andalucia","isPartOf":{"@id":"https:\/\/faa.net\/rtandalucia\/#website"},"primaryImageOfPage":{"@id":"https:\/\/faa.net\/rtandalucia\/fotos-salvador-espana\/#primaryimage"},"image":{"@id":"https:\/\/faa.net\/rtandalucia\/fotos-salvador-espana\/#primaryimage"},"thumbnailUrl":"https:\/\/faa.net\/rtandalucia\/wp-content\/uploads\/2022\/02\/rtandalucia-favicon-300x201.png","datePublished":"2022-03-04T19:25:59+00:00","dateModified":"2022-03-04T19:28:41+00:00","description":"\u00c1lbum fotogr\u00e1fico de Salvador Espa\u00f1a, piloto de Rally Team Andaluc\u00eda, libres de derechos para su utilizaci\u00f3n en prensa.","breadcrumb":{"@id":"https:\/\/faa.net\/rtandalucia\/fotos-salvador-espana\/#breadcrumb"},"inLanguage":"es","potentialAction":[{"@type":"ReadAction","target":["https:\/\/faa.net\/rtandalucia\/fotos-salvador-espana\/"]}]},{"@type":"ImageObject","inLanguage":"es","@id":"https:\/\/faa.net\/rtandalucia\/fotos-salvador-espana\/#primaryimage","url":"https:\/\/faa.net\/rtandalucia\/wp-content\/uploads\/2022\/02\/rtandalucia-favicon.png","contentUrl":"https:\/\/faa.net\/rtandalucia\/wp-content\/uploads\/2022\/02\/rtandalucia-favicon.png","width":480,"height":321},{"@type":"BreadcrumbList","@id":"https:\/\/faa.net\/rtandalucia\/fotos-salvador-espana\/#breadcrumb","itemListElement":[{"@type":"ListItem","position":1,"name":"Portada","item":"https:\/\/faa.net\/rtandalucia\/"},{"@type":"ListItem","position":2,"name":"Fotos Salvador Espa\u00f1a"}]},{"@type":"WebSite","@id":"https:\/\/faa.net\/rtandalucia\/#website","url":"https:\/\/faa.net\/rtandalucia\/","name":"Rallye Team Andalucia","description":"- Un proyecto de la Federaci\u00f3n Andaluza de Automovilismo","potentialAction":[{"@type":"SearchAction","target":{"@type":"EntryPoint","urlTemplate":"https:\/\/faa.net\/rtandalucia\/?s={search_term_string}"},"query-input":{"@type":"PropertyValueSpecification","valueRequired":true,"valueName":"search_term_string"}}],"inLanguage":"es"}]}},"_links":{"self":[{"href":"https:\/\/faa.net\/rtandalucia\/wp-json\/wp\/v2\/pages\/261","targetHints":{"allow":["GET"]}}],"collection":[{"href":"https:\/\/faa.net\/rtandalucia\/wp-json\/wp\/v2\/pages"}],"about":[{"href":"https:\/\/faa.net\/rtandalucia\/wp-json\/wp\/v2\/types\/page"}],"author":[{"embeddable":true,"href":"https:\/\/faa.net\/rtandalucia\/wp-json\/wp\/v2\/users\/1"}],"replies":[{"embeddable":true,"href":"https:\/\/faa.net\/rtandalucia\/wp-json\/wp\/v2\/comments?post=261"}],"version-history":[{"count":2,"href":"https:\/\/faa.net\/rtandalucia\/wp-json\/wp\/v2\/pages\/261\/revisions"}],"predecessor-version":[{"id":264,"href":"https:\/\/faa.net\/rtandalucia\/wp-json\/wp\/v2\/pages\/261\/revisions\/264"}],"wp:attachment":[{"href":"https:\/\/faa.net\/rtandalucia\/wp-json\/wp\/v2\/media?parent=261"}],"curies":[{"name":"wp","href":"https:\/\/api.w.org\/{rel}","templated":true}]}}