{"id":44,"date":"2022-03-02T09:42:18","date_gmt":"2022-03-02T09:42:18","guid":{"rendered":"https:\/\/faa.net\/rtandalucia\/?page_id=44"},"modified":"2022-03-16T18:29:59","modified_gmt":"2022-03-16T17:29:59","slug":"equipos-rally-team-andalucia","status":"publish","type":"page","link":"https:\/\/faa.net\/rtandalucia\/equipos-rally-team-andalucia\/","title":{"rendered":"Equipos Rally Team Andaluc\u00eda"},"content":{"rendered":"\n<div class=\"wp-block-image\"><figure class=\"aligncenter size-medium\"><img loading=\"lazy\" decoding=\"async\" width=\"300\" height=\"201\" src=\"https:\/\/faa.net\/rtandalucia\/wp-content\/uploads\/2022\/02\/rtandalucia-favicon-300x201.png\" alt=\"\" class=\"wp-image-9\" srcset=\"https:\/\/faa.net\/rtandalucia\/wp-content\/uploads\/2022\/02\/rtandalucia-favicon-300x201.png 300w, https:\/\/faa.net\/rtandalucia\/wp-content\/uploads\/2022\/02\/rtandalucia-favicon-200x134.png 200w, https:\/\/faa.net\/rtandalucia\/wp-content\/uploads\/2022\/02\/rtandalucia-favicon-400x268.png 400w, https:\/\/faa.net\/rtandalucia\/wp-content\/uploads\/2022\/02\/rtandalucia-favicon.png 480w\" sizes=\"(max-width: 300px) 100vw, 300px\" \/><\/figure><\/div>\n\n\n\n<h1 class=\"kt-adv-heading_851c60-25 wp-block-kadence-advancedheading\" data-kb-block=\"kb-adv-heading_851c60-25\">\u00bfQu\u00e9 equipos conforman el Rally Team Andaluc\u00eda 2022?<\/h1>\n\n\n\n<p>En la temporada 2022 ser\u00e1n tres los equipos andaluces que ser\u00e1n becados bajo el programa de promoci\u00f3n de j\u00f3venes talentos andaluces Andaluc\u00eda Rally Team.<\/p>\n\n\n\n<ul class=\"wp-block-list\"><li>Francisco Manuel Puertas que participar\u00e1 en la Sandero Dacia Cup y Copa Kobe Motor.&nbsp;<a href=\"https:\/\/faa.net\/rtandalucia\/index.php\/francisco-puertas\/\">M\u00e1s info.<\/a><\/li><li>Maximiano Gallardo que participar\u00e1 en la Sandero Dacia Cup.&nbsp;<a href=\"https:\/\/faa.net\/rtandalucia\/maxi-gallardo\/\">M\u00e1s info.<\/a><\/li><li>Salvador Espa\u00f1a que participar\u00e1 en la Copa Kobe Motor.&nbsp;<a href=\"https:\/\/faa.net\/rtandalucia\/salvador-espana\/\">M\u00e1s info.<\/a><\/li><\/ul>\n\n\n\n<div class=\"wp-block-kadence-advancedgallery kb-gallery-wrap-id-_368c16-d1\"><ul class=\"kb-gallery-ul kb-gallery-type-masonry kb-masonry-init kb-gallery-id-_368c16-d1 kb-gallery-caption-style-bottom-hover kb-gallery-filter-none\" data-item-selector=\".kadence-blocks-gallery-item\" data-image-filter=\"none\" data-lightbox-caption=\"true\" data-columns-xxl=\"3\" data-columns-xl=\"3\" data-columns-lg=\"3\" data-columns-md=\"2\" data-columns-sm=\"1\" data-columns-xs=\"1\"><li class=\"kadence-blocks-gallery-item\"><div class=\"kadence-blocks-gallery-item-inner\"><figure class=\"kb-gallery-figure kb-gallery-item-has-link kadence-blocks-gallery-item-hide-caption\"><a href=\"https:\/\/faa.net\/rtandalucia\/wp-content\/uploads\/2022\/03\/presentacion-andalucia-rally-team-ayuntamiento-granada-29.jpg\" class=\"kb-gallery-item-link\"><div class=\"kb-gal-image-radius\" style=\"max-width:1024px\"><div class=\"kb-gallery-image-contain kadence-blocks-gallery-intrinsic\" style=\"padding-bottom:56.25%\"><img loading=\"lazy\" decoding=\"async\" src=\"https:\/\/faa.net\/rtandalucia\/wp-content\/uploads\/2022\/03\/presentacion-andalucia-rally-team-ayuntamiento-granada-29-1024x576.jpg\" width=\"1024\" height=\"576\" alt=\"Manuel Alonso, presidente Federaci\u00f3n Andaluza de Automovilismo, Francisco Puertas y su padre.\" data-full-image=\"https:\/\/faa.net\/rtandalucia\/wp-content\/uploads\/2022\/03\/presentacion-andalucia-rally-team-ayuntamiento-granada-29.jpg\" data-light-image=\"https:\/\/faa.net\/rtandalucia\/wp-content\/uploads\/2022\/03\/presentacion-andalucia-rally-team-ayuntamiento-granada-29.jpg\" data-id=\"212\" data-link=\"https:\/\/faa.net\/rtandalucia\/el-ayuntamiento-de-granada-acoge-la-presentacion-oficial-del-rally-team-andalucia\/olympus-digital-camera-10\/\" class=\"wp-image-212undefined\" srcset=\"https:\/\/faa.net\/rtandalucia\/wp-content\/uploads\/2022\/03\/presentacion-andalucia-rally-team-ayuntamiento-granada-29-1024x576.jpg 1024w, https:\/\/faa.net\/rtandalucia\/wp-content\/uploads\/2022\/03\/presentacion-andalucia-rally-team-ayuntamiento-granada-29-300x169.jpg 300w, https:\/\/faa.net\/rtandalucia\/wp-content\/uploads\/2022\/03\/presentacion-andalucia-rally-team-ayuntamiento-granada-29-768x432.jpg 768w, https:\/\/faa.net\/rtandalucia\/wp-content\/uploads\/2022\/03\/presentacion-andalucia-rally-team-ayuntamiento-granada-29-1536x865.jpg 1536w, https:\/\/faa.net\/rtandalucia\/wp-content\/uploads\/2022\/03\/presentacion-andalucia-rally-team-ayuntamiento-granada-29-500x281.jpg 500w, https:\/\/faa.net\/rtandalucia\/wp-content\/uploads\/2022\/03\/presentacion-andalucia-rally-team-ayuntamiento-granada-29-800x450.jpg 800w, https:\/\/faa.net\/rtandalucia\/wp-content\/uploads\/2022\/03\/presentacion-andalucia-rally-team-ayuntamiento-granada-29-1280x721.jpg 1280w, https:\/\/faa.net\/rtandalucia\/wp-content\/uploads\/2022\/03\/presentacion-andalucia-rally-team-ayuntamiento-granada-29-200x113.jpg 200w, https:\/\/faa.net\/rtandalucia\/wp-content\/uploads\/2022\/03\/presentacion-andalucia-rally-team-ayuntamiento-granada-29-400x225.jpg 400w, https:\/\/faa.net\/rtandalucia\/wp-content\/uploads\/2022\/03\/presentacion-andalucia-rally-team-ayuntamiento-granada-29-600x338.jpg 600w, https:\/\/faa.net\/rtandalucia\/wp-content\/uploads\/2022\/03\/presentacion-andalucia-rally-team-ayuntamiento-granada-29-1200x676.jpg 1200w, https:\/\/faa.net\/rtandalucia\/wp-content\/uploads\/2022\/03\/presentacion-andalucia-rally-team-ayuntamiento-granada-29.jpg 1771w\" sizes=\"(max-width: 1024px) 100vw, 1024px\" \/><\/div><div class=\"kadence-blocks-gallery-item__caption\">Manuel Alonso, presidente Federaci\u00f3n Andaluza de Automovilismo, Francisco Puertas y su padre.<\/div><\/div><\/a><\/figure><\/div><\/li><li class=\"kadence-blocks-gallery-item\"><div class=\"kadence-blocks-gallery-item-inner\"><figure class=\"kb-gallery-figure kb-gallery-item-has-link kadence-blocks-gallery-item-hide-caption\"><a href=\"https:\/\/faa.net\/rtandalucia\/wp-content\/uploads\/2022\/03\/presentacion-andalucia-rally-team-ayuntamiento-granada-30.jpg\" class=\"kb-gallery-item-link\"><div class=\"kb-gal-image-radius\" style=\"max-width:1024px\"><div class=\"kb-gallery-image-contain kadence-blocks-gallery-intrinsic\" style=\"padding-bottom:56.25%\"><img loading=\"lazy\" decoding=\"async\" src=\"https:\/\/faa.net\/rtandalucia\/wp-content\/uploads\/2022\/03\/presentacion-andalucia-rally-team-ayuntamiento-granada-30-1024x576.jpg\" width=\"1024\" height=\"576\" alt=\"Manuel Alonso, presidente Federaci\u00f3n Andaluza de Automovilismo, Maximiliano Gallardo y Mercedes Cano.\" data-full-image=\"https:\/\/faa.net\/rtandalucia\/wp-content\/uploads\/2022\/03\/presentacion-andalucia-rally-team-ayuntamiento-granada-30.jpg\" data-light-image=\"https:\/\/faa.net\/rtandalucia\/wp-content\/uploads\/2022\/03\/presentacion-andalucia-rally-team-ayuntamiento-granada-30.jpg\" data-id=\"213\" data-link=\"https:\/\/faa.net\/rtandalucia\/el-ayuntamiento-de-granada-acoge-la-presentacion-oficial-del-rally-team-andalucia\/olympus-digital-camera-11\/\" class=\"wp-image-213undefined\" srcset=\"https:\/\/faa.net\/rtandalucia\/wp-content\/uploads\/2022\/03\/presentacion-andalucia-rally-team-ayuntamiento-granada-30-1024x576.jpg 1024w, https:\/\/faa.net\/rtandalucia\/wp-content\/uploads\/2022\/03\/presentacion-andalucia-rally-team-ayuntamiento-granada-30-300x169.jpg 300w, https:\/\/faa.net\/rtandalucia\/wp-content\/uploads\/2022\/03\/presentacion-andalucia-rally-team-ayuntamiento-granada-30-768x432.jpg 768w, https:\/\/faa.net\/rtandalucia\/wp-content\/uploads\/2022\/03\/presentacion-andalucia-rally-team-ayuntamiento-granada-30-1536x865.jpg 1536w, https:\/\/faa.net\/rtandalucia\/wp-content\/uploads\/2022\/03\/presentacion-andalucia-rally-team-ayuntamiento-granada-30-500x281.jpg 500w, https:\/\/faa.net\/rtandalucia\/wp-content\/uploads\/2022\/03\/presentacion-andalucia-rally-team-ayuntamiento-granada-30-800x450.jpg 800w, https:\/\/faa.net\/rtandalucia\/wp-content\/uploads\/2022\/03\/presentacion-andalucia-rally-team-ayuntamiento-granada-30-1280x721.jpg 1280w, https:\/\/faa.net\/rtandalucia\/wp-content\/uploads\/2022\/03\/presentacion-andalucia-rally-team-ayuntamiento-granada-30-200x113.jpg 200w, https:\/\/faa.net\/rtandalucia\/wp-content\/uploads\/2022\/03\/presentacion-andalucia-rally-team-ayuntamiento-granada-30-400x225.jpg 400w, https:\/\/faa.net\/rtandalucia\/wp-content\/uploads\/2022\/03\/presentacion-andalucia-rally-team-ayuntamiento-granada-30-600x338.jpg 600w, https:\/\/faa.net\/rtandalucia\/wp-content\/uploads\/2022\/03\/presentacion-andalucia-rally-team-ayuntamiento-granada-30-1200x676.jpg 1200w, https:\/\/faa.net\/rtandalucia\/wp-content\/uploads\/2022\/03\/presentacion-andalucia-rally-team-ayuntamiento-granada-30.jpg 1771w\" sizes=\"(max-width: 1024px) 100vw, 1024px\" \/><\/div><div class=\"kadence-blocks-gallery-item__caption\">Manuel Alonso, presidente Federaci\u00f3n Andaluza de Automovilismo, Maximiliano Gallardo y Mercedes Cano.<\/div><\/div><\/a><\/figure><\/div><\/li><li class=\"kadence-blocks-gallery-item\"><div class=\"kadence-blocks-gallery-item-inner\"><figure class=\"kb-gallery-figure kb-gallery-item-has-link kadence-blocks-gallery-item-hide-caption\"><a href=\"https:\/\/faa.net\/rtandalucia\/wp-content\/uploads\/2022\/03\/presentacion-andalucia-rally-team-ayuntamiento-granada-28-1.jpg\" class=\"kb-gallery-item-link\"><div class=\"kb-gal-image-radius\" style=\"max-width:1024px\"><div class=\"kb-gallery-image-contain kadence-blocks-gallery-intrinsic\" style=\"padding-bottom:56.25%\"><img loading=\"lazy\" decoding=\"async\" src=\"https:\/\/faa.net\/rtandalucia\/wp-content\/uploads\/2022\/03\/presentacion-andalucia-rally-team-ayuntamiento-granada-28-1-1024x576.jpg\" width=\"1024\" height=\"576\" alt=\"Manuel Alonso, presidente Federaci\u00f3n Andaluza de Automovilismo, Salvador Espa\u00f1a y Miriam Antelo.\" data-full-image=\"https:\/\/faa.net\/rtandalucia\/wp-content\/uploads\/2022\/03\/presentacion-andalucia-rally-team-ayuntamiento-granada-28-1.jpg\" data-light-image=\"https:\/\/faa.net\/rtandalucia\/wp-content\/uploads\/2022\/03\/presentacion-andalucia-rally-team-ayuntamiento-granada-28-1.jpg\" data-id=\"211\" data-link=\"https:\/\/faa.net\/rtandalucia\/el-ayuntamiento-de-granada-acoge-la-presentacion-oficial-del-rally-team-andalucia\/olympus-digital-camera-9\/\" class=\"wp-image-211undefined\" srcset=\"https:\/\/faa.net\/rtandalucia\/wp-content\/uploads\/2022\/03\/presentacion-andalucia-rally-team-ayuntamiento-granada-28-1-1024x576.jpg 1024w, https:\/\/faa.net\/rtandalucia\/wp-content\/uploads\/2022\/03\/presentacion-andalucia-rally-team-ayuntamiento-granada-28-1-300x169.jpg 300w, https:\/\/faa.net\/rtandalucia\/wp-content\/uploads\/2022\/03\/presentacion-andalucia-rally-team-ayuntamiento-granada-28-1-768x432.jpg 768w, https:\/\/faa.net\/rtandalucia\/wp-content\/uploads\/2022\/03\/presentacion-andalucia-rally-team-ayuntamiento-granada-28-1-1536x865.jpg 1536w, https:\/\/faa.net\/rtandalucia\/wp-content\/uploads\/2022\/03\/presentacion-andalucia-rally-team-ayuntamiento-granada-28-1-500x281.jpg 500w, https:\/\/faa.net\/rtandalucia\/wp-content\/uploads\/2022\/03\/presentacion-andalucia-rally-team-ayuntamiento-granada-28-1-800x450.jpg 800w, https:\/\/faa.net\/rtandalucia\/wp-content\/uploads\/2022\/03\/presentacion-andalucia-rally-team-ayuntamiento-granada-28-1-1280x721.jpg 1280w, https:\/\/faa.net\/rtandalucia\/wp-content\/uploads\/2022\/03\/presentacion-andalucia-rally-team-ayuntamiento-granada-28-1-200x113.jpg 200w, https:\/\/faa.net\/rtandalucia\/wp-content\/uploads\/2022\/03\/presentacion-andalucia-rally-team-ayuntamiento-granada-28-1-400x225.jpg 400w, https:\/\/faa.net\/rtandalucia\/wp-content\/uploads\/2022\/03\/presentacion-andalucia-rally-team-ayuntamiento-granada-28-1-600x338.jpg 600w, https:\/\/faa.net\/rtandalucia\/wp-content\/uploads\/2022\/03\/presentacion-andalucia-rally-team-ayuntamiento-granada-28-1-1200x676.jpg 1200w, https:\/\/faa.net\/rtandalucia\/wp-content\/uploads\/2022\/03\/presentacion-andalucia-rally-team-ayuntamiento-granada-28-1.jpg 1771w\" sizes=\"(max-width: 1024px) 100vw, 1024px\" \/><\/div><div class=\"kadence-blocks-gallery-item__caption\">Manuel Alonso, presidente Federaci\u00f3n Andaluza de Automovilismo, Salvador Espa\u00f1a y Miriam Antelo.<\/div><\/div><\/a><\/figure><\/div><\/li><\/ul><\/div>\n\n\n\n<p><\/p>\n\n\n\n<p><a href=\"https:\/\/faa.net\/rtandalucia\/informacion-rally-team-andalucia\/\">Saber m\u00e1s sobre Andaluc\u00eda Rally Team.<\/a><\/p>\n\n\n\n<p><a href=\"https:\/\/faa.net\/rtandalucia\/calendario\/\">Ver calendario de pruebas esta temporada.<\/a><\/p>\n\n\n\n<p><a href=\"https:\/\/faa.net\/rtandalucia\/noticias\/\">Visitar la Sala de Prensa de Andaluc\u00eda Rally Team.<\/a><\/p>\n","protected":false},"excerpt":{"rendered":"<p>En la temporada 2022 ser\u00e1n tres los equipos andaluces que ser\u00e1n becados bajo el programa de promoci\u00f3n de j\u00f3venes talentos andaluces Andaluc\u00eda Rally Team. Francisco Manuel Puertas que participar\u00e1 en la Sandero Dacia Cup y Copa Kobe Motor.&nbsp;M\u00e1s info. Maximiano Gallardo que participar\u00e1 en la Sandero Dacia Cup.&nbsp;M\u00e1s info. Salvador Espa\u00f1a que participar\u00e1 en la [&hellip;]<\/p>\n","protected":false},"author":1,"featured_media":9,"parent":0,"menu_order":0,"comment_status":"closed","ping_status":"closed","template":"","meta":{"_et_pb_use_builder":"","_et_pb_old_content":"","_et_gb_content_width":"","footnotes":""},"class_list":["post-44","page","type-page","status-publish","has-post-thumbnail","hentry"],"yoast_head":"<!-- This site is optimized with the Yoast SEO plugin v27.5 - https:\/\/yoast.com\/product\/yoast-seo-wordpress\/ -->\n<title>Equipos Rally Team Andaluc\u00eda - Rallye Team Andalucia<\/title>\n<meta name=\"description\" content=\"Equipos que actualmente conforman el proyecto Rally Team Andaluc\u00eda becado por la Federaci\u00f3n Andaluza de Automovilismo.\" \/>\n<meta name=\"robots\" content=\"index, follow, max-snippet:-1, max-image-preview:large, max-video-preview:-1\" \/>\n<link rel=\"canonical\" href=\"https:\/\/faa.net\/rtandalucia\/equipos-rally-team-andalucia\/\" \/>\n<meta property=\"og:locale\" content=\"es_ES\" \/>\n<meta property=\"og:type\" content=\"article\" \/>\n<meta property=\"og:title\" content=\"Equipos Rally Team Andaluc\u00eda - Rallye Team Andalucia\" \/>\n<meta property=\"og:description\" content=\"Equipos que actualmente conforman el proyecto Rally Team Andaluc\u00eda becado por la Federaci\u00f3n Andaluza de Automovilismo.\" \/>\n<meta property=\"og:url\" content=\"https:\/\/faa.net\/rtandalucia\/equipos-rally-team-andalucia\/\" \/>\n<meta property=\"og:site_name\" content=\"Rallye Team Andalucia\" \/>\n<meta property=\"article:modified_time\" content=\"2022-03-16T17:29:59+00:00\" \/>\n<meta property=\"og:image\" content=\"https:\/\/faa.net\/rtandalucia\/wp-content\/uploads\/2022\/02\/rtandalucia-favicon.png\" \/>\n\t<meta property=\"og:image:width\" content=\"480\" \/>\n\t<meta property=\"og:image:height\" content=\"321\" \/>\n\t<meta property=\"og:image:type\" content=\"image\/png\" \/>\n<meta name=\"twitter:card\" content=\"summary_large_image\" \/>\n<meta name=\"twitter:label1\" content=\"Tiempo de lectura\" \/>\n\t<meta name=\"twitter:data1\" content=\"2 minutos\" \/>\n<script type=\"application\/ld+json\" class=\"yoast-schema-graph\">{\"@context\":\"https:\\\/\\\/schema.org\",\"@graph\":[{\"@type\":\"WebPage\",\"@id\":\"https:\\\/\\\/faa.net\\\/rtandalucia\\\/equipos-rally-team-andalucia\\\/\",\"url\":\"https:\\\/\\\/faa.net\\\/rtandalucia\\\/equipos-rally-team-andalucia\\\/\",\"name\":\"Equipos Rally Team Andaluc\u00eda - Rallye Team Andalucia\",\"isPartOf\":{\"@id\":\"https:\\\/\\\/faa.net\\\/rtandalucia\\\/#website\"},\"primaryImageOfPage\":{\"@id\":\"https:\\\/\\\/faa.net\\\/rtandalucia\\\/equipos-rally-team-andalucia\\\/#primaryimage\"},\"image\":{\"@id\":\"https:\\\/\\\/faa.net\\\/rtandalucia\\\/equipos-rally-team-andalucia\\\/#primaryimage\"},\"thumbnailUrl\":\"https:\\\/\\\/faa.net\\\/rtandalucia\\\/wp-content\\\/uploads\\\/2022\\\/02\\\/rtandalucia-favicon.png\",\"datePublished\":\"2022-03-02T09:42:18+00:00\",\"dateModified\":\"2022-03-16T17:29:59+00:00\",\"description\":\"Equipos que actualmente conforman el proyecto Rally Team Andaluc\u00eda becado por la Federaci\u00f3n Andaluza de Automovilismo.\",\"breadcrumb\":{\"@id\":\"https:\\\/\\\/faa.net\\\/rtandalucia\\\/equipos-rally-team-andalucia\\\/#breadcrumb\"},\"inLanguage\":\"es\",\"potentialAction\":[{\"@type\":\"ReadAction\",\"target\":[\"https:\\\/\\\/faa.net\\\/rtandalucia\\\/equipos-rally-team-andalucia\\\/\"]}]},{\"@type\":\"ImageObject\",\"inLanguage\":\"es\",\"@id\":\"https:\\\/\\\/faa.net\\\/rtandalucia\\\/equipos-rally-team-andalucia\\\/#primaryimage\",\"url\":\"https:\\\/\\\/faa.net\\\/rtandalucia\\\/wp-content\\\/uploads\\\/2022\\\/02\\\/rtandalucia-favicon.png\",\"contentUrl\":\"https:\\\/\\\/faa.net\\\/rtandalucia\\\/wp-content\\\/uploads\\\/2022\\\/02\\\/rtandalucia-favicon.png\",\"width\":480,\"height\":321},{\"@type\":\"BreadcrumbList\",\"@id\":\"https:\\\/\\\/faa.net\\\/rtandalucia\\\/equipos-rally-team-andalucia\\\/#breadcrumb\",\"itemListElement\":[{\"@type\":\"ListItem\",\"position\":1,\"name\":\"Portada\",\"item\":\"https:\\\/\\\/faa.net\\\/rtandalucia\\\/\"},{\"@type\":\"ListItem\",\"position\":2,\"name\":\"Equipos Rally Team Andaluc\u00eda\"}]},{\"@type\":\"WebSite\",\"@id\":\"https:\\\/\\\/faa.net\\\/rtandalucia\\\/#website\",\"url\":\"https:\\\/\\\/faa.net\\\/rtandalucia\\\/\",\"name\":\"Rallye Team Andalucia\",\"description\":\"- Un proyecto de la Federaci\u00f3n Andaluza de Automovilismo\",\"potentialAction\":[{\"@type\":\"SearchAction\",\"target\":{\"@type\":\"EntryPoint\",\"urlTemplate\":\"https:\\\/\\\/faa.net\\\/rtandalucia\\\/?s={search_term_string}\"},\"query-input\":{\"@type\":\"PropertyValueSpecification\",\"valueRequired\":true,\"valueName\":\"search_term_string\"}}],\"inLanguage\":\"es\"}]}<\/script>\n<!-- \/ Yoast SEO plugin. -->","yoast_head_json":{"title":"Equipos Rally Team Andaluc\u00eda - Rallye Team Andalucia","description":"Equipos que actualmente conforman el proyecto Rally Team Andaluc\u00eda becado por la Federaci\u00f3n Andaluza de Automovilismo.","robots":{"index":"index","follow":"follow","max-snippet":"max-snippet:-1","max-image-preview":"max-image-preview:large","max-video-preview":"max-video-preview:-1"},"canonical":"https:\/\/faa.net\/rtandalucia\/equipos-rally-team-andalucia\/","og_locale":"es_ES","og_type":"article","og_title":"Equipos Rally Team Andaluc\u00eda - Rallye Team Andalucia","og_description":"Equipos que actualmente conforman el proyecto Rally Team Andaluc\u00eda becado por la Federaci\u00f3n Andaluza de Automovilismo.","og_url":"https:\/\/faa.net\/rtandalucia\/equipos-rally-team-andalucia\/","og_site_name":"Rallye Team Andalucia","article_modified_time":"2022-03-16T17:29:59+00:00","og_image":[{"width":480,"height":321,"url":"https:\/\/faa.net\/rtandalucia\/wp-content\/uploads\/2022\/02\/rtandalucia-favicon.png","type":"image\/png"}],"twitter_card":"summary_large_image","twitter_misc":{"Tiempo de lectura":"2 minutos"},"schema":{"@context":"https:\/\/schema.org","@graph":[{"@type":"WebPage","@id":"https:\/\/faa.net\/rtandalucia\/equipos-rally-team-andalucia\/","url":"https:\/\/faa.net\/rtandalucia\/equipos-rally-team-andalucia\/","name":"Equipos Rally Team Andaluc\u00eda - Rallye Team Andalucia","isPartOf":{"@id":"https:\/\/faa.net\/rtandalucia\/#website"},"primaryImageOfPage":{"@id":"https:\/\/faa.net\/rtandalucia\/equipos-rally-team-andalucia\/#primaryimage"},"image":{"@id":"https:\/\/faa.net\/rtandalucia\/equipos-rally-team-andalucia\/#primaryimage"},"thumbnailUrl":"https:\/\/faa.net\/rtandalucia\/wp-content\/uploads\/2022\/02\/rtandalucia-favicon.png","datePublished":"2022-03-02T09:42:18+00:00","dateModified":"2022-03-16T17:29:59+00:00","description":"Equipos que actualmente conforman el proyecto Rally Team Andaluc\u00eda becado por la Federaci\u00f3n Andaluza de Automovilismo.","breadcrumb":{"@id":"https:\/\/faa.net\/rtandalucia\/equipos-rally-team-andalucia\/#breadcrumb"},"inLanguage":"es","potentialAction":[{"@type":"ReadAction","target":["https:\/\/faa.net\/rtandalucia\/equipos-rally-team-andalucia\/"]}]},{"@type":"ImageObject","inLanguage":"es","@id":"https:\/\/faa.net\/rtandalucia\/equipos-rally-team-andalucia\/#primaryimage","url":"https:\/\/faa.net\/rtandalucia\/wp-content\/uploads\/2022\/02\/rtandalucia-favicon.png","contentUrl":"https:\/\/faa.net\/rtandalucia\/wp-content\/uploads\/2022\/02\/rtandalucia-favicon.png","width":480,"height":321},{"@type":"BreadcrumbList","@id":"https:\/\/faa.net\/rtandalucia\/equipos-rally-team-andalucia\/#breadcrumb","itemListElement":[{"@type":"ListItem","position":1,"name":"Portada","item":"https:\/\/faa.net\/rtandalucia\/"},{"@type":"ListItem","position":2,"name":"Equipos Rally Team Andaluc\u00eda"}]},{"@type":"WebSite","@id":"https:\/\/faa.net\/rtandalucia\/#website","url":"https:\/\/faa.net\/rtandalucia\/","name":"Rallye Team Andalucia","description":"- Un proyecto de la Federaci\u00f3n Andaluza de Automovilismo","potentialAction":[{"@type":"SearchAction","target":{"@type":"EntryPoint","urlTemplate":"https:\/\/faa.net\/rtandalucia\/?s={search_term_string}"},"query-input":{"@type":"PropertyValueSpecification","valueRequired":true,"valueName":"search_term_string"}}],"inLanguage":"es"}]}},"_links":{"self":[{"href":"https:\/\/faa.net\/rtandalucia\/wp-json\/wp\/v2\/pages\/44","targetHints":{"allow":["GET"]}}],"collection":[{"href":"https:\/\/faa.net\/rtandalucia\/wp-json\/wp\/v2\/pages"}],"about":[{"href":"https:\/\/faa.net\/rtandalucia\/wp-json\/wp\/v2\/types\/page"}],"author":[{"embeddable":true,"href":"https:\/\/faa.net\/rtandalucia\/wp-json\/wp\/v2\/users\/1"}],"replies":[{"embeddable":true,"href":"https:\/\/faa.net\/rtandalucia\/wp-json\/wp\/v2\/comments?post=44"}],"version-history":[{"count":8,"href":"https:\/\/faa.net\/rtandalucia\/wp-json\/wp\/v2\/pages\/44\/revisions"}],"predecessor-version":[{"id":231,"href":"https:\/\/faa.net\/rtandalucia\/wp-json\/wp\/v2\/pages\/44\/revisions\/231"}],"wp:featuredmedia":[{"embeddable":true,"href":"https:\/\/faa.net\/rtandalucia\/wp-json\/wp\/v2\/media\/9"}],"wp:attachment":[{"href":"https:\/\/faa.net\/rtandalucia\/wp-json\/wp\/v2\/media?parent=44"}],"curies":[{"name":"wp","href":"https:\/\/api.w.org\/{rel}","templated":true}]}}