{"id":50,"date":"2022-03-02T09:44:58","date_gmt":"2022-03-02T09:44:58","guid":{"rendered":"https:\/\/faa.net\/rtandalucia\/?page_id=50"},"modified":"2022-08-16T12:31:36","modified_gmt":"2022-08-16T10:31:36","slug":"maxi-gallardo","status":"publish","type":"page","link":"https:\/\/faa.net\/rtandalucia\/maxi-gallardo\/","title":{"rendered":"Maxi Gallardo"},"content":{"rendered":"\r\n<div class=\"wp-block-image\">\r\n<figure class=\"aligncenter size-medium\"><img loading=\"lazy\" decoding=\"async\" width=\"300\" height=\"201\" class=\"wp-image-9\" src=\"https:\/\/faa.net\/rtandalucia\/wp-content\/uploads\/2022\/02\/rtandalucia-favicon-300x201.png\" alt=\"\" srcset=\"https:\/\/faa.net\/rtandalucia\/wp-content\/uploads\/2022\/02\/rtandalucia-favicon-300x201.png 300w, https:\/\/faa.net\/rtandalucia\/wp-content\/uploads\/2022\/02\/rtandalucia-favicon-200x134.png 200w, https:\/\/faa.net\/rtandalucia\/wp-content\/uploads\/2022\/02\/rtandalucia-favicon-400x268.png 400w, https:\/\/faa.net\/rtandalucia\/wp-content\/uploads\/2022\/02\/rtandalucia-favicon.png 480w\" sizes=\"(max-width: 300px) 100vw, 300px\" \/><\/figure>\r\n<\/div>\r\n\r\n\r\n\r\n<h1 class=\"kt-adv-heading_7f22db-3c wp-block-kadence-advancedheading\" data-kb-block=\"kb-adv-heading_7f22db-3c\">Maximiliano Gallardo<\/h1>\r\n\r\n\r\n\r\n<h1 class=\"kt-adv-heading_92794d-5e wp-block-kadence-advancedheading\" data-kb-block=\"kb-adv-heading_92794d-5e\">Piloto Andaluc\u00eda Rally Team Andaluc\u00eda<\/h1>\r\n\r\n\r\n\r\n<figure class=\"wp-block-image size-large\"><br>\r\n<figcaption>\r\n<div id=\"attachment_470\" style=\"width: 1034px\" class=\"wp-caption alignnone\"><a href=\"https:\/\/faa.net\/rtandalucia\/wp-content\/uploads\/2022\/08\/maxi-gallardo-y-aitor-cruz-rally-team-andalucia.jpg\"><img loading=\"lazy\" decoding=\"async\" aria-describedby=\"caption-attachment-470\" class=\"size-large wp-image-470\" src=\"https:\/\/faa.net\/rtandalucia\/wp-content\/uploads\/2022\/08\/maxi-gallardo-y-aitor-cruz-rally-team-andalucia-1024x576.jpg\" alt=\"Maxi Gallardo y Aitor Cruz del Rally Team Andaluc\u00eda.\" width=\"1024\" height=\"576\" srcset=\"https:\/\/faa.net\/rtandalucia\/wp-content\/uploads\/2022\/08\/maxi-gallardo-y-aitor-cruz-rally-team-andalucia-1024x576.jpg 1024w, https:\/\/faa.net\/rtandalucia\/wp-content\/uploads\/2022\/08\/maxi-gallardo-y-aitor-cruz-rally-team-andalucia-300x169.jpg 300w, https:\/\/faa.net\/rtandalucia\/wp-content\/uploads\/2022\/08\/maxi-gallardo-y-aitor-cruz-rally-team-andalucia-768x432.jpg 768w, https:\/\/faa.net\/rtandalucia\/wp-content\/uploads\/2022\/08\/maxi-gallardo-y-aitor-cruz-rally-team-andalucia-500x281.jpg 500w, https:\/\/faa.net\/rtandalucia\/wp-content\/uploads\/2022\/08\/maxi-gallardo-y-aitor-cruz-rally-team-andalucia-800x450.jpg 800w, https:\/\/faa.net\/rtandalucia\/wp-content\/uploads\/2022\/08\/maxi-gallardo-y-aitor-cruz-rally-team-andalucia-1280x720.jpg 1280w, https:\/\/faa.net\/rtandalucia\/wp-content\/uploads\/2022\/08\/maxi-gallardo-y-aitor-cruz-rally-team-andalucia-200x112.jpg 200w, https:\/\/faa.net\/rtandalucia\/wp-content\/uploads\/2022\/08\/maxi-gallardo-y-aitor-cruz-rally-team-andalucia-400x225.jpg 400w, https:\/\/faa.net\/rtandalucia\/wp-content\/uploads\/2022\/08\/maxi-gallardo-y-aitor-cruz-rally-team-andalucia-600x337.jpg 600w, https:\/\/faa.net\/rtandalucia\/wp-content\/uploads\/2022\/08\/maxi-gallardo-y-aitor-cruz-rally-team-andalucia-1200x675.jpg 1200w, https:\/\/faa.net\/rtandalucia\/wp-content\/uploads\/2022\/08\/maxi-gallardo-y-aitor-cruz-rally-team-andalucia.jpg 1417w\" sizes=\"(max-width: 1024px) 100vw, 1024px\" \/><\/a><p id=\"caption-attachment-470\" class=\"wp-caption-text\">Maxi Gallardo y Aitor Cruz del Rally Team Andaluc\u00eda.<\/p><\/div>\r\n<\/figcaption>\r\n<\/figure>\r\n\r\n\r\n\r\n<p>El joven piloto natural de la localidad jienense de Alcal\u00e1 la Real, en la temporada 2021 disput\u00f3 un total de seis rallyes de asfalto encuadrados en el campeonato andaluz y en los cuales se proclam\u00f3 campeones de la Copa Dacia Sandero Andaluc\u00eda, campe\u00f3n de la Copa Junior del Campeonato Andaluz de Rallyes de Asfalto (CARA) y campeonato de Copilotos Femeninos (CARA) con su copiloto Mercedes Cano.<\/p>\r\n\r\n\r\n\r\n<p>Esta temporada 2022 participar\u00e1 en la Sandero Dacia CUP.<\/p>\r\n\r\n\r\n\r\n<p><a href=\"https:\/\/faa.net\/rtandalucia\/fotos-maxi-gallardo\/\">Ver \u00e1lbum de fotos Maxi Gallardo y Mercedes Cano.<\/a><\/p>\r\n\r\n\r\n\r\n<p><a href=\"https:\/\/faa.net\/rtandalucia\/index.php\/equipos-rally-team-andalucia\/\">Saber m\u00e1s sobre los equipos que conforman el Rally Team Andaluc\u00eda.<\/a><\/p>\r\n\r\n\r\n\r\n<p><a href=\"https:\/\/faa.net\/rtandalucia\/calendario\/\">Ver calendario de pruebas esta temporada.<\/a><\/p>\r\n\r\n\r\n\r\n<p><a href=\"https:\/\/faa.net\/rtandalucia\/noticias\/\">Visitar la Sala de Prensa de Andaluc\u00eda Rally Team.<\/a><\/p>\r\n\r\n\r\n\r\n<div class=\"wp-block-kadence-spacer aligncenter kt-block-spacer-_f538bd-a2\">\r\n<div class=\"kt-block-spacer kt-block-spacer-halign-center\"><hr class=\"kt-divider\"><\/div>\r\n<\/div>\r\n\r\n\r\n\r\n<h1 class=\"kt-adv-heading_721009-78 wp-block-kadence-advancedheading has-kb-palette-2-color has-text-color\" data-kb-block=\"kb-adv-heading_721009-78\">\u00daltimas Noticias Maxi Gallardo<\/h1>\r\n\r\n\r\n\r\n<h1 class=\"kt-adv-heading_81ac84-c6 wp-block-kadence-advancedheading has-kb-palette-2-color has-text-color\" data-kb-block=\"kb-adv-heading_81ac84-c6\">Piloto Rally Team Andaluc\u00eda<\/h1>\r\n\r\n\r\n\r\n\r\n\r\n<div class=\"wp-block-kadence-advancedbtn kt-btn-align-center kt-btn-tablet-align-inherit kt-btn-mobile-align-inherit kt-btns-wrap kt-btns_a717b5-9d\">\r\n<div class=\"kt-btn-wrap kt-btn-wrap-0\"><a class=\"kt-button button kt-btn-0-action kt-btn-size-standard kt-btn-style-basic kt-btn-svg-show-always kt-btn-has-text-true kt-btn-has-svg-false\" href=\"https:\/\/faa.net\/rtandalucia\/noticias-maxi-gallardo\/\"><span class=\"kt-btn-inner-text\">Noticias Maxi Gallardo<\/span><\/a><\/div>\r\n<\/div>\r\n","protected":false},"excerpt":{"rendered":"<p>El joven piloto natural de la localidad jienense de Alcal\u00e1 la Real, en la temporada 2021 disput\u00f3 un total de seis rallyes de asfalto encuadrados en el campeonato andaluz y en los cuales se proclam\u00f3 campeones de la Copa Dacia Sandero Andaluc\u00eda, campe\u00f3n de la Copa Junior del Campeonato Andaluz de Rallyes de Asfalto (CARA) [&hellip;]<\/p>\n","protected":false},"author":1,"featured_media":0,"parent":0,"menu_order":0,"comment_status":"closed","ping_status":"closed","template":"","meta":{"_et_pb_use_builder":"","_et_pb_old_content":"","_et_gb_content_width":"","footnotes":""},"class_list":["post-50","page","type-page","status-publish","hentry"],"yoast_head":"<!-- This site is optimized with the Yoast SEO plugin v27.5 - https:\/\/yoast.com\/product\/yoast-seo-wordpress\/ -->\n<title>Maxi Gallardo - Rallye Team Andalucia<\/title>\n<meta name=\"description\" content=\"Maximiliano Gallardo, piloto andaluz becado por el programa Rally Team Andaluc\u00eda que representar\u00e1 a Andaluc\u00eda en la Sandero Dacia CUP 2022.\" \/>\n<meta name=\"robots\" content=\"index, follow, max-snippet:-1, max-image-preview:large, max-video-preview:-1\" \/>\n<link rel=\"canonical\" href=\"https:\/\/faa.net\/rtandalucia\/maxi-gallardo\/\" \/>\n<meta property=\"og:locale\" content=\"es_ES\" \/>\n<meta property=\"og:type\" content=\"article\" \/>\n<meta property=\"og:title\" content=\"Maxi Gallardo - Rallye Team Andalucia\" \/>\n<meta property=\"og:description\" content=\"Maximiliano Gallardo, piloto andaluz becado por el programa Rally Team Andaluc\u00eda que representar\u00e1 a Andaluc\u00eda en la Sandero Dacia CUP 2022.\" \/>\n<meta property=\"og:url\" content=\"https:\/\/faa.net\/rtandalucia\/maxi-gallardo\/\" \/>\n<meta property=\"og:site_name\" content=\"Rallye Team Andalucia\" \/>\n<meta property=\"article:modified_time\" content=\"2022-08-16T10:31:36+00:00\" \/>\n<meta property=\"og:image\" content=\"https:\/\/faa.net\/rtandalucia\/wp-content\/uploads\/2022\/02\/rtandalucia-favicon-300x201.png\" \/>\n<meta name=\"twitter:card\" content=\"summary_large_image\" \/>\n<meta name=\"twitter:label1\" content=\"Tiempo de lectura\" \/>\n\t<meta name=\"twitter:data1\" content=\"2 minutos\" \/>\n<script type=\"application\/ld+json\" class=\"yoast-schema-graph\">{\"@context\":\"https:\\\/\\\/schema.org\",\"@graph\":[{\"@type\":\"WebPage\",\"@id\":\"https:\\\/\\\/faa.net\\\/rtandalucia\\\/maxi-gallardo\\\/\",\"url\":\"https:\\\/\\\/faa.net\\\/rtandalucia\\\/maxi-gallardo\\\/\",\"name\":\"Maxi Gallardo - Rallye Team Andalucia\",\"isPartOf\":{\"@id\":\"https:\\\/\\\/faa.net\\\/rtandalucia\\\/#website\"},\"primaryImageOfPage\":{\"@id\":\"https:\\\/\\\/faa.net\\\/rtandalucia\\\/maxi-gallardo\\\/#primaryimage\"},\"image\":{\"@id\":\"https:\\\/\\\/faa.net\\\/rtandalucia\\\/maxi-gallardo\\\/#primaryimage\"},\"thumbnailUrl\":\"https:\\\/\\\/faa.net\\\/rtandalucia\\\/wp-content\\\/uploads\\\/2022\\\/02\\\/rtandalucia-favicon-300x201.png\",\"datePublished\":\"2022-03-02T09:44:58+00:00\",\"dateModified\":\"2022-08-16T10:31:36+00:00\",\"description\":\"Maximiliano Gallardo, piloto andaluz becado por el programa Rally Team Andaluc\u00eda que representar\u00e1 a Andaluc\u00eda en la Sandero Dacia CUP 2022.\",\"breadcrumb\":{\"@id\":\"https:\\\/\\\/faa.net\\\/rtandalucia\\\/maxi-gallardo\\\/#breadcrumb\"},\"inLanguage\":\"es\",\"potentialAction\":[{\"@type\":\"ReadAction\",\"target\":[\"https:\\\/\\\/faa.net\\\/rtandalucia\\\/maxi-gallardo\\\/\"]}]},{\"@type\":\"ImageObject\",\"inLanguage\":\"es\",\"@id\":\"https:\\\/\\\/faa.net\\\/rtandalucia\\\/maxi-gallardo\\\/#primaryimage\",\"url\":\"https:\\\/\\\/faa.net\\\/rtandalucia\\\/wp-content\\\/uploads\\\/2022\\\/02\\\/rtandalucia-favicon.png\",\"contentUrl\":\"https:\\\/\\\/faa.net\\\/rtandalucia\\\/wp-content\\\/uploads\\\/2022\\\/02\\\/rtandalucia-favicon.png\",\"width\":480,\"height\":321},{\"@type\":\"BreadcrumbList\",\"@id\":\"https:\\\/\\\/faa.net\\\/rtandalucia\\\/maxi-gallardo\\\/#breadcrumb\",\"itemListElement\":[{\"@type\":\"ListItem\",\"position\":1,\"name\":\"Portada\",\"item\":\"https:\\\/\\\/faa.net\\\/rtandalucia\\\/\"},{\"@type\":\"ListItem\",\"position\":2,\"name\":\"Maxi Gallardo\"}]},{\"@type\":\"WebSite\",\"@id\":\"https:\\\/\\\/faa.net\\\/rtandalucia\\\/#website\",\"url\":\"https:\\\/\\\/faa.net\\\/rtandalucia\\\/\",\"name\":\"Rallye Team Andalucia\",\"description\":\"- Un proyecto de la Federaci\u00f3n Andaluza de Automovilismo\",\"potentialAction\":[{\"@type\":\"SearchAction\",\"target\":{\"@type\":\"EntryPoint\",\"urlTemplate\":\"https:\\\/\\\/faa.net\\\/rtandalucia\\\/?s={search_term_string}\"},\"query-input\":{\"@type\":\"PropertyValueSpecification\",\"valueRequired\":true,\"valueName\":\"search_term_string\"}}],\"inLanguage\":\"es\"}]}<\/script>\n<!-- \/ Yoast SEO plugin. -->","yoast_head_json":{"title":"Maxi Gallardo - Rallye Team Andalucia","description":"Maximiliano Gallardo, piloto andaluz becado por el programa Rally Team Andaluc\u00eda que representar\u00e1 a Andaluc\u00eda en la Sandero Dacia CUP 2022.","robots":{"index":"index","follow":"follow","max-snippet":"max-snippet:-1","max-image-preview":"max-image-preview:large","max-video-preview":"max-video-preview:-1"},"canonical":"https:\/\/faa.net\/rtandalucia\/maxi-gallardo\/","og_locale":"es_ES","og_type":"article","og_title":"Maxi Gallardo - Rallye Team Andalucia","og_description":"Maximiliano Gallardo, piloto andaluz becado por el programa Rally Team Andaluc\u00eda que representar\u00e1 a Andaluc\u00eda en la Sandero Dacia CUP 2022.","og_url":"https:\/\/faa.net\/rtandalucia\/maxi-gallardo\/","og_site_name":"Rallye Team Andalucia","article_modified_time":"2022-08-16T10:31:36+00:00","og_image":[{"url":"https:\/\/faa.net\/rtandalucia\/wp-content\/uploads\/2022\/02\/rtandalucia-favicon-300x201.png","type":"","width":"","height":""}],"twitter_card":"summary_large_image","twitter_misc":{"Tiempo de lectura":"2 minutos"},"schema":{"@context":"https:\/\/schema.org","@graph":[{"@type":"WebPage","@id":"https:\/\/faa.net\/rtandalucia\/maxi-gallardo\/","url":"https:\/\/faa.net\/rtandalucia\/maxi-gallardo\/","name":"Maxi Gallardo - Rallye Team Andalucia","isPartOf":{"@id":"https:\/\/faa.net\/rtandalucia\/#website"},"primaryImageOfPage":{"@id":"https:\/\/faa.net\/rtandalucia\/maxi-gallardo\/#primaryimage"},"image":{"@id":"https:\/\/faa.net\/rtandalucia\/maxi-gallardo\/#primaryimage"},"thumbnailUrl":"https:\/\/faa.net\/rtandalucia\/wp-content\/uploads\/2022\/02\/rtandalucia-favicon-300x201.png","datePublished":"2022-03-02T09:44:58+00:00","dateModified":"2022-08-16T10:31:36+00:00","description":"Maximiliano Gallardo, piloto andaluz becado por el programa Rally Team Andaluc\u00eda que representar\u00e1 a Andaluc\u00eda en la Sandero Dacia CUP 2022.","breadcrumb":{"@id":"https:\/\/faa.net\/rtandalucia\/maxi-gallardo\/#breadcrumb"},"inLanguage":"es","potentialAction":[{"@type":"ReadAction","target":["https:\/\/faa.net\/rtandalucia\/maxi-gallardo\/"]}]},{"@type":"ImageObject","inLanguage":"es","@id":"https:\/\/faa.net\/rtandalucia\/maxi-gallardo\/#primaryimage","url":"https:\/\/faa.net\/rtandalucia\/wp-content\/uploads\/2022\/02\/rtandalucia-favicon.png","contentUrl":"https:\/\/faa.net\/rtandalucia\/wp-content\/uploads\/2022\/02\/rtandalucia-favicon.png","width":480,"height":321},{"@type":"BreadcrumbList","@id":"https:\/\/faa.net\/rtandalucia\/maxi-gallardo\/#breadcrumb","itemListElement":[{"@type":"ListItem","position":1,"name":"Portada","item":"https:\/\/faa.net\/rtandalucia\/"},{"@type":"ListItem","position":2,"name":"Maxi Gallardo"}]},{"@type":"WebSite","@id":"https:\/\/faa.net\/rtandalucia\/#website","url":"https:\/\/faa.net\/rtandalucia\/","name":"Rallye Team Andalucia","description":"- Un proyecto de la Federaci\u00f3n Andaluza de Automovilismo","potentialAction":[{"@type":"SearchAction","target":{"@type":"EntryPoint","urlTemplate":"https:\/\/faa.net\/rtandalucia\/?s={search_term_string}"},"query-input":{"@type":"PropertyValueSpecification","valueRequired":true,"valueName":"search_term_string"}}],"inLanguage":"es"}]}},"_links":{"self":[{"href":"https:\/\/faa.net\/rtandalucia\/wp-json\/wp\/v2\/pages\/50","targetHints":{"allow":["GET"]}}],"collection":[{"href":"https:\/\/faa.net\/rtandalucia\/wp-json\/wp\/v2\/pages"}],"about":[{"href":"https:\/\/faa.net\/rtandalucia\/wp-json\/wp\/v2\/types\/page"}],"author":[{"embeddable":true,"href":"https:\/\/faa.net\/rtandalucia\/wp-json\/wp\/v2\/users\/1"}],"replies":[{"embeddable":true,"href":"https:\/\/faa.net\/rtandalucia\/wp-json\/wp\/v2\/comments?post=50"}],"version-history":[{"count":10,"href":"https:\/\/faa.net\/rtandalucia\/wp-json\/wp\/v2\/pages\/50\/revisions"}],"predecessor-version":[{"id":476,"href":"https:\/\/faa.net\/rtandalucia\/wp-json\/wp\/v2\/pages\/50\/revisions\/476"}],"wp:attachment":[{"href":"https:\/\/faa.net\/rtandalucia\/wp-json\/wp\/v2\/media?parent=50"}],"curies":[{"name":"wp","href":"https:\/\/api.w.org\/{rel}","templated":true}]}}