{"id":53,"date":"2022-03-02T09:45:53","date_gmt":"2022-03-02T09:45:53","guid":{"rendered":"https:\/\/faa.net\/rtandalucia\/?page_id=53"},"modified":"2022-03-16T18:19:55","modified_gmt":"2022-03-16T17:19:55","slug":"salvador-espana","status":"publish","type":"page","link":"https:\/\/faa.net\/rtandalucia\/salvador-espana\/","title":{"rendered":"Salvador Espa\u00f1a"},"content":{"rendered":"\n<div class=\"wp-block-image\"><figure class=\"aligncenter size-medium\"><img loading=\"lazy\" decoding=\"async\" width=\"300\" height=\"201\" src=\"https:\/\/faa.net\/rtandalucia\/wp-content\/uploads\/2022\/02\/rtandalucia-favicon-300x201.png\" alt=\"\" class=\"wp-image-9\" srcset=\"https:\/\/faa.net\/rtandalucia\/wp-content\/uploads\/2022\/02\/rtandalucia-favicon-300x201.png 300w, https:\/\/faa.net\/rtandalucia\/wp-content\/uploads\/2022\/02\/rtandalucia-favicon-200x134.png 200w, https:\/\/faa.net\/rtandalucia\/wp-content\/uploads\/2022\/02\/rtandalucia-favicon-400x268.png 400w, https:\/\/faa.net\/rtandalucia\/wp-content\/uploads\/2022\/02\/rtandalucia-favicon.png 480w\" sizes=\"(max-width: 300px) 100vw, 300px\" \/><\/figure><\/div>\n\n\n\n<h1 class=\"kt-adv-heading_46b339-87 wp-block-kadence-advancedheading\" data-kb-block=\"kb-adv-heading_46b339-87\">Salvador Espa\u00f1a Alc\u00e1ntara<\/h1>\n\n\n\n<h1 class=\"kt-adv-heading_721d21-59 wp-block-kadence-advancedheading\" data-kb-block=\"kb-adv-heading_721d21-59\">Piloto Rally Team Andaluc\u00eda<\/h1>\n\n\n\n<div class=\"wp-block-image\"><figure class=\"aligncenter size-full\"><img loading=\"lazy\" decoding=\"async\" width=\"2560\" height=\"1440\" src=\"https:\/\/faa.net\/rtandalucia\/wp-content\/uploads\/2022\/03\/presentacion-andalucia-rally-team-ayuntamiento-granada-06-scaled.jpg\" alt=\"Miriam Antelo (copiloto) y Salvador Espa\u00f1a (piloto).\" class=\"wp-image-209\" srcset=\"https:\/\/faa.net\/rtandalucia\/wp-content\/uploads\/2022\/03\/presentacion-andalucia-rally-team-ayuntamiento-granada-06-scaled.jpg 2560w, https:\/\/faa.net\/rtandalucia\/wp-content\/uploads\/2022\/03\/presentacion-andalucia-rally-team-ayuntamiento-granada-06-300x169.jpg 300w, https:\/\/faa.net\/rtandalucia\/wp-content\/uploads\/2022\/03\/presentacion-andalucia-rally-team-ayuntamiento-granada-06-1024x576.jpg 1024w, https:\/\/faa.net\/rtandalucia\/wp-content\/uploads\/2022\/03\/presentacion-andalucia-rally-team-ayuntamiento-granada-06-768x432.jpg 768w, https:\/\/faa.net\/rtandalucia\/wp-content\/uploads\/2022\/03\/presentacion-andalucia-rally-team-ayuntamiento-granada-06-1536x864.jpg 1536w, https:\/\/faa.net\/rtandalucia\/wp-content\/uploads\/2022\/03\/presentacion-andalucia-rally-team-ayuntamiento-granada-06-2048x1152.jpg 2048w, https:\/\/faa.net\/rtandalucia\/wp-content\/uploads\/2022\/03\/presentacion-andalucia-rally-team-ayuntamiento-granada-06-500x281.jpg 500w, https:\/\/faa.net\/rtandalucia\/wp-content\/uploads\/2022\/03\/presentacion-andalucia-rally-team-ayuntamiento-granada-06-800x450.jpg 800w, https:\/\/faa.net\/rtandalucia\/wp-content\/uploads\/2022\/03\/presentacion-andalucia-rally-team-ayuntamiento-granada-06-1280x720.jpg 1280w, https:\/\/faa.net\/rtandalucia\/wp-content\/uploads\/2022\/03\/presentacion-andalucia-rally-team-ayuntamiento-granada-06-1920x1080.jpg 1920w, https:\/\/faa.net\/rtandalucia\/wp-content\/uploads\/2022\/03\/presentacion-andalucia-rally-team-ayuntamiento-granada-06-200x113.jpg 200w, https:\/\/faa.net\/rtandalucia\/wp-content\/uploads\/2022\/03\/presentacion-andalucia-rally-team-ayuntamiento-granada-06-400x225.jpg 400w, https:\/\/faa.net\/rtandalucia\/wp-content\/uploads\/2022\/03\/presentacion-andalucia-rally-team-ayuntamiento-granada-06-600x338.jpg 600w, https:\/\/faa.net\/rtandalucia\/wp-content\/uploads\/2022\/03\/presentacion-andalucia-rally-team-ayuntamiento-granada-06-1200x675.jpg 1200w\" sizes=\"(max-width: 2560px) 100vw, 2560px\" \/><figcaption>Miriam Antelo (copiloto) y Salvador Espa\u00f1a (piloto).<\/figcaption><\/figure><\/div>\n\n\n\n<p>Salvador Espa\u00f1a Alc\u00e1ntara es un joven de 20 a\u00f1os aficionado al automovilismo desde peque\u00f1o. Debut\u00f3 como piloto en el Slalom de Benalm\u00e1dena reci\u00e9n cumplidos los 16 y tres a\u00f1os despu\u00e9s, en 2021, da el salto al nacional dentro de la Copa Kobe Motor de Rallyes de Tierra. Se estrena con un fiesta R2 en asfalto en la Subida a Colmenar y en tierra en el TC Guare\u00f1a. Adem\u00e1s, participa tambi\u00e9n en la Subida a Algar y en el Rallye Sliks de Sevilla, donde termin\u00f3 1\u00ba piloto junior.<\/p>\n\n\n\n<p>Por su parte Miriam Antelo Ram\u00edrez, copiloto, con apenas 16 a\u00f1os debut\u00f3 en el Rallye Sierra de C\u00e1diz como copiloto y unos meses despu\u00e9s particip\u00f3 en un TC del campeonato extreme\u00f1o a bordo del Toyota Aygo N3 en el que ha estado recorriendo los tramos de los rallyes del nacional de tierra dentro de la Copa Kobe Motor de Rallyes 2021. <\/p>\n\n\n\n<p>Tambi\u00e9n ha tenido la oportunidad este a\u00f1o pasado de participar de nuevo en el Rallye Sierra de C\u00e1diz y en el TC de Guare\u00f1a, y, adem\u00e1s, por primera vez en el Rallye Sliks de Sevilla donde celebr\u00f3 su 19 cumplea\u00f1os.<\/p>\n\n\n\n<p><a href=\"https:\/\/faa.net\/rtandalucia\/fotos-salvador-espana\/\">Ver \u00e1lbum de fotos Salvador Espa\u00f1a y Miriam Antelo.<\/a><\/p>\n\n\n\n<p><a href=\"https:\/\/faa.net\/rtandalucia\/index.php\/equipos-rally-team-andalucia\/\">Saber m\u00e1s sobre los equipos que conforman el Rally Team Andaluc\u00eda.<\/a><\/p>\n\n\n\n<p><a href=\"https:\/\/faa.net\/rtandalucia\/calendario\/\">Ver calendario de pruebas esta temporada.<\/a><\/p>\n\n\n\n<p><a href=\"https:\/\/faa.net\/rtandalucia\/noticias\/\">Visitar la Sala de Prensa de Andaluc\u00eda Rally Team.<\/a><\/p>\n\n\n\n<div class=\"wp-block-kadence-spacer aligncenter kt-block-spacer-_1602f1-7a\"><div class=\"kt-block-spacer kt-block-spacer-halign-center\"><hr class=\"kt-divider\"\/><\/div><\/div>\n\n\n\n<h1 class=\"kt-adv-heading_f3cb16-6d wp-block-kadence-advancedheading has-kb-palette-2-color has-text-color\" data-kb-block=\"kb-adv-heading_f3cb16-6d\">\u00daltimas Noticias Salvador Espa\u00f1a<\/h1>\n\n\n\n<h1 class=\"kt-adv-heading_afc797-1f wp-block-kadence-advancedheading has-kb-palette-2-color has-text-color\" data-kb-block=\"kb-adv-heading_afc797-1f\">Piloto Rally Team Andaluc\u00eda<\/h1>\n\n\n\n\n\n<div class=\"wp-block-kadence-advancedbtn kt-btn-align-center kt-btn-tablet-align-inherit kt-btn-mobile-align-inherit kt-btns-wrap kt-btns_29b99c-c5\"><div class=\"kt-btn-wrap kt-btn-wrap-0\"><a class=\"kt-button button kt-btn-0-action kt-btn-size-standard kt-btn-style-basic kt-btn-svg-show-always kt-btn-has-text-true kt-btn-has-svg-false\" href=\"https:\/\/faa.net\/rtandalucia\/noticias-salvador-espana\/\"><span class=\"kt-btn-inner-text\">Noticias Salvador Espa\u00f1a<\/span><\/a><\/div><\/div>\n","protected":false},"excerpt":{"rendered":"<p>Salvador Espa\u00f1a Alc\u00e1ntara es un joven de 20 a\u00f1os aficionado al automovilismo desde peque\u00f1o. Debut\u00f3 como piloto en el Slalom de Benalm\u00e1dena reci\u00e9n cumplidos los 16 y tres a\u00f1os despu\u00e9s, en 2021, da el salto al nacional dentro de la Copa Kobe Motor de Rallyes de Tierra. Se estrena con un fiesta R2 en asfalto [&hellip;]<\/p>\n","protected":false},"author":1,"featured_media":0,"parent":0,"menu_order":0,"comment_status":"closed","ping_status":"closed","template":"","meta":{"_et_pb_use_builder":"","_et_pb_old_content":"","_et_gb_content_width":"","footnotes":""},"class_list":["post-53","page","type-page","status-publish","hentry"],"yoast_head":"<!-- This site is optimized with the Yoast SEO plugin v27.5 - https:\/\/yoast.com\/product\/yoast-seo-wordpress\/ -->\n<title>Salvador Espa\u00f1a - Rallye Team Andalucia<\/title>\n<meta name=\"description\" content=\"Salvador Espa\u00f1a, piloto andaluz becado por el programa Andaluc\u00eda Rally Team que representar\u00e1 a Andaluc\u00eda en la Cope Kobe Motor.\" \/>\n<meta name=\"robots\" content=\"index, follow, max-snippet:-1, max-image-preview:large, max-video-preview:-1\" \/>\n<link rel=\"canonical\" href=\"https:\/\/faa.net\/rtandalucia\/salvador-espana\/\" \/>\n<meta property=\"og:locale\" content=\"es_ES\" \/>\n<meta property=\"og:type\" content=\"article\" \/>\n<meta property=\"og:title\" content=\"Salvador Espa\u00f1a - Rallye Team Andalucia\" \/>\n<meta property=\"og:description\" content=\"Salvador Espa\u00f1a, piloto andaluz becado por el programa Andaluc\u00eda Rally Team que representar\u00e1 a Andaluc\u00eda en la Cope Kobe Motor.\" \/>\n<meta property=\"og:url\" content=\"https:\/\/faa.net\/rtandalucia\/salvador-espana\/\" \/>\n<meta property=\"og:site_name\" content=\"Rallye Team Andalucia\" \/>\n<meta property=\"article:modified_time\" content=\"2022-03-16T17:19:55+00:00\" \/>\n<meta property=\"og:image\" content=\"https:\/\/faa.net\/rtandalucia\/wp-content\/uploads\/2022\/02\/rtandalucia-favicon-300x201.png\" \/>\n<meta name=\"twitter:card\" content=\"summary_large_image\" \/>\n<meta name=\"twitter:label1\" content=\"Tiempo de lectura\" \/>\n\t<meta name=\"twitter:data1\" content=\"2 minutos\" \/>\n<script type=\"application\/ld+json\" class=\"yoast-schema-graph\">{\"@context\":\"https:\\\/\\\/schema.org\",\"@graph\":[{\"@type\":\"WebPage\",\"@id\":\"https:\\\/\\\/faa.net\\\/rtandalucia\\\/salvador-espana\\\/\",\"url\":\"https:\\\/\\\/faa.net\\\/rtandalucia\\\/salvador-espana\\\/\",\"name\":\"Salvador Espa\u00f1a - Rallye Team Andalucia\",\"isPartOf\":{\"@id\":\"https:\\\/\\\/faa.net\\\/rtandalucia\\\/#website\"},\"primaryImageOfPage\":{\"@id\":\"https:\\\/\\\/faa.net\\\/rtandalucia\\\/salvador-espana\\\/#primaryimage\"},\"image\":{\"@id\":\"https:\\\/\\\/faa.net\\\/rtandalucia\\\/salvador-espana\\\/#primaryimage\"},\"thumbnailUrl\":\"https:\\\/\\\/faa.net\\\/rtandalucia\\\/wp-content\\\/uploads\\\/2022\\\/02\\\/rtandalucia-favicon-300x201.png\",\"datePublished\":\"2022-03-02T09:45:53+00:00\",\"dateModified\":\"2022-03-16T17:19:55+00:00\",\"description\":\"Salvador Espa\u00f1a, piloto andaluz becado por el programa Andaluc\u00eda Rally Team que representar\u00e1 a Andaluc\u00eda en la Cope Kobe Motor.\",\"breadcrumb\":{\"@id\":\"https:\\\/\\\/faa.net\\\/rtandalucia\\\/salvador-espana\\\/#breadcrumb\"},\"inLanguage\":\"es\",\"potentialAction\":[{\"@type\":\"ReadAction\",\"target\":[\"https:\\\/\\\/faa.net\\\/rtandalucia\\\/salvador-espana\\\/\"]}]},{\"@type\":\"ImageObject\",\"inLanguage\":\"es\",\"@id\":\"https:\\\/\\\/faa.net\\\/rtandalucia\\\/salvador-espana\\\/#primaryimage\",\"url\":\"https:\\\/\\\/faa.net\\\/rtandalucia\\\/wp-content\\\/uploads\\\/2022\\\/02\\\/rtandalucia-favicon.png\",\"contentUrl\":\"https:\\\/\\\/faa.net\\\/rtandalucia\\\/wp-content\\\/uploads\\\/2022\\\/02\\\/rtandalucia-favicon.png\",\"width\":480,\"height\":321},{\"@type\":\"BreadcrumbList\",\"@id\":\"https:\\\/\\\/faa.net\\\/rtandalucia\\\/salvador-espana\\\/#breadcrumb\",\"itemListElement\":[{\"@type\":\"ListItem\",\"position\":1,\"name\":\"Portada\",\"item\":\"https:\\\/\\\/faa.net\\\/rtandalucia\\\/\"},{\"@type\":\"ListItem\",\"position\":2,\"name\":\"Salvador Espa\u00f1a\"}]},{\"@type\":\"WebSite\",\"@id\":\"https:\\\/\\\/faa.net\\\/rtandalucia\\\/#website\",\"url\":\"https:\\\/\\\/faa.net\\\/rtandalucia\\\/\",\"name\":\"Rallye Team Andalucia\",\"description\":\"- Un proyecto de la Federaci\u00f3n Andaluza de Automovilismo\",\"potentialAction\":[{\"@type\":\"SearchAction\",\"target\":{\"@type\":\"EntryPoint\",\"urlTemplate\":\"https:\\\/\\\/faa.net\\\/rtandalucia\\\/?s={search_term_string}\"},\"query-input\":{\"@type\":\"PropertyValueSpecification\",\"valueRequired\":true,\"valueName\":\"search_term_string\"}}],\"inLanguage\":\"es\"}]}<\/script>\n<!-- \/ Yoast SEO plugin. -->","yoast_head_json":{"title":"Salvador Espa\u00f1a - Rallye Team Andalucia","description":"Salvador Espa\u00f1a, piloto andaluz becado por el programa Andaluc\u00eda Rally Team que representar\u00e1 a Andaluc\u00eda en la Cope Kobe Motor.","robots":{"index":"index","follow":"follow","max-snippet":"max-snippet:-1","max-image-preview":"max-image-preview:large","max-video-preview":"max-video-preview:-1"},"canonical":"https:\/\/faa.net\/rtandalucia\/salvador-espana\/","og_locale":"es_ES","og_type":"article","og_title":"Salvador Espa\u00f1a - Rallye Team Andalucia","og_description":"Salvador Espa\u00f1a, piloto andaluz becado por el programa Andaluc\u00eda Rally Team que representar\u00e1 a Andaluc\u00eda en la Cope Kobe Motor.","og_url":"https:\/\/faa.net\/rtandalucia\/salvador-espana\/","og_site_name":"Rallye Team Andalucia","article_modified_time":"2022-03-16T17:19:55+00:00","og_image":[{"url":"https:\/\/faa.net\/rtandalucia\/wp-content\/uploads\/2022\/02\/rtandalucia-favicon-300x201.png","type":"","width":"","height":""}],"twitter_card":"summary_large_image","twitter_misc":{"Tiempo de lectura":"2 minutos"},"schema":{"@context":"https:\/\/schema.org","@graph":[{"@type":"WebPage","@id":"https:\/\/faa.net\/rtandalucia\/salvador-espana\/","url":"https:\/\/faa.net\/rtandalucia\/salvador-espana\/","name":"Salvador Espa\u00f1a - Rallye Team Andalucia","isPartOf":{"@id":"https:\/\/faa.net\/rtandalucia\/#website"},"primaryImageOfPage":{"@id":"https:\/\/faa.net\/rtandalucia\/salvador-espana\/#primaryimage"},"image":{"@id":"https:\/\/faa.net\/rtandalucia\/salvador-espana\/#primaryimage"},"thumbnailUrl":"https:\/\/faa.net\/rtandalucia\/wp-content\/uploads\/2022\/02\/rtandalucia-favicon-300x201.png","datePublished":"2022-03-02T09:45:53+00:00","dateModified":"2022-03-16T17:19:55+00:00","description":"Salvador Espa\u00f1a, piloto andaluz becado por el programa Andaluc\u00eda Rally Team que representar\u00e1 a Andaluc\u00eda en la Cope Kobe Motor.","breadcrumb":{"@id":"https:\/\/faa.net\/rtandalucia\/salvador-espana\/#breadcrumb"},"inLanguage":"es","potentialAction":[{"@type":"ReadAction","target":["https:\/\/faa.net\/rtandalucia\/salvador-espana\/"]}]},{"@type":"ImageObject","inLanguage":"es","@id":"https:\/\/faa.net\/rtandalucia\/salvador-espana\/#primaryimage","url":"https:\/\/faa.net\/rtandalucia\/wp-content\/uploads\/2022\/02\/rtandalucia-favicon.png","contentUrl":"https:\/\/faa.net\/rtandalucia\/wp-content\/uploads\/2022\/02\/rtandalucia-favicon.png","width":480,"height":321},{"@type":"BreadcrumbList","@id":"https:\/\/faa.net\/rtandalucia\/salvador-espana\/#breadcrumb","itemListElement":[{"@type":"ListItem","position":1,"name":"Portada","item":"https:\/\/faa.net\/rtandalucia\/"},{"@type":"ListItem","position":2,"name":"Salvador Espa\u00f1a"}]},{"@type":"WebSite","@id":"https:\/\/faa.net\/rtandalucia\/#website","url":"https:\/\/faa.net\/rtandalucia\/","name":"Rallye Team Andalucia","description":"- Un proyecto de la Federaci\u00f3n Andaluza de Automovilismo","potentialAction":[{"@type":"SearchAction","target":{"@type":"EntryPoint","urlTemplate":"https:\/\/faa.net\/rtandalucia\/?s={search_term_string}"},"query-input":{"@type":"PropertyValueSpecification","valueRequired":true,"valueName":"search_term_string"}}],"inLanguage":"es"}]}},"_links":{"self":[{"href":"https:\/\/faa.net\/rtandalucia\/wp-json\/wp\/v2\/pages\/53","targetHints":{"allow":["GET"]}}],"collection":[{"href":"https:\/\/faa.net\/rtandalucia\/wp-json\/wp\/v2\/pages"}],"about":[{"href":"https:\/\/faa.net\/rtandalucia\/wp-json\/wp\/v2\/types\/page"}],"author":[{"embeddable":true,"href":"https:\/\/faa.net\/rtandalucia\/wp-json\/wp\/v2\/users\/1"}],"replies":[{"embeddable":true,"href":"https:\/\/faa.net\/rtandalucia\/wp-json\/wp\/v2\/comments?post=53"}],"version-history":[{"count":8,"href":"https:\/\/faa.net\/rtandalucia\/wp-json\/wp\/v2\/pages\/53\/revisions"}],"predecessor-version":[{"id":329,"href":"https:\/\/faa.net\/rtandalucia\/wp-json\/wp\/v2\/pages\/53\/revisions\/329"}],"wp:attachment":[{"href":"https:\/\/faa.net\/rtandalucia\/wp-json\/wp\/v2\/media?parent=53"}],"curies":[{"name":"wp","href":"https:\/\/api.w.org\/{rel}","templated":true}]}}