{"id":56,"date":"2022-03-02T09:55:19","date_gmt":"2022-03-02T09:55:19","guid":{"rendered":"https:\/\/faa.net\/rtandalucia\/?page_id=56"},"modified":"2022-03-16T18:29:23","modified_gmt":"2022-03-16T17:29:23","slug":"informacion-rally-team-andalucia","status":"publish","type":"page","link":"https:\/\/faa.net\/rtandalucia\/informacion-rally-team-andalucia\/","title":{"rendered":"Informaci\u00f3n Rally Team Andaluc\u00eda"},"content":{"rendered":"\n<div class=\"wp-block-image\"><figure class=\"aligncenter size-medium\"><img loading=\"lazy\" decoding=\"async\" width=\"300\" height=\"201\" src=\"https:\/\/faa.net\/rtandalucia\/wp-content\/uploads\/2022\/02\/rtandalucia-favicon-300x201.png\" alt=\"\" class=\"wp-image-9\" srcset=\"https:\/\/faa.net\/rtandalucia\/wp-content\/uploads\/2022\/02\/rtandalucia-favicon-300x201.png 300w, https:\/\/faa.net\/rtandalucia\/wp-content\/uploads\/2022\/02\/rtandalucia-favicon-200x134.png 200w, https:\/\/faa.net\/rtandalucia\/wp-content\/uploads\/2022\/02\/rtandalucia-favicon-400x268.png 400w, https:\/\/faa.net\/rtandalucia\/wp-content\/uploads\/2022\/02\/rtandalucia-favicon.png 480w\" sizes=\"(max-width: 300px) 100vw, 300px\" \/><\/figure><\/div>\n\n\n\n<h1 class=\"kt-adv-heading_06d716-9a wp-block-kadence-advancedheading\" data-kb-block=\"kb-adv-heading_06d716-9a\">\u00bfQu\u00e9 es el Rally Team Andaluc\u00eda?<\/h1>\n\n\n\n<p>Rally Team Andaluc\u00eda es el equipo de rallyes andaluz creado por la Federaci\u00f3n Andaluza de Automovilismo para promocionar la participaci\u00f3n de j\u00f3venes talentos andaluces en pruebas de campeonatos de Espa\u00f1a, campeonatos de Europa y pruebas de car\u00e1cter internacional.<\/p>\n\n\n\n<p>Este equipo becado representar\u00e1 a la comunidad andaluza en cert\u00e1menes al m\u00e1s alto nivel de competici\u00f3n y permitir\u00e1 al automovilismo andaluz estar representada en competiciones oficiales puntuables para distintos campeonatos, tanto en tierra como asfalto.<\/p>\n\n\n\n<p>Se trata de la primera vez que Andaluc\u00eda cuenta con equipo propio. En esta primera temporada se becar\u00e1 a 3 equipos (piloto y copiloto), con el objetivo de ir ampliando este equipo de competici\u00f3n de cara a las pr\u00f3ximas temporadas, para lo que se solicita el concurso y apoyo tanto de entidades p\u00fablicas como privadas.<\/p>\n\n\n\n<p>Este modelo ya funciona con \u00e9xito a nivel nacional y permite visibilizar a deportistas andaluces fuera de nuestras fronteras al tiempo que supone un espaldarazo a los proyectos deportivos de equipos de automovilismo de nuestra regi\u00f3n que ya despuntan en las competiciones tuteladas por la FAA.<\/p>\n\n\n\n<p>En la temporada 2022 ser\u00e1n tres los equipos que ser\u00e1n becados por la Federaci\u00f3n Andaluza de Automovilismo bajo el programa Andaluc\u00eda Rally Team:<\/p>\n\n\n\n<ul class=\"wp-block-list\"><li>Francisco Manuel Puertas que participar\u00e1 en la Sandero Dacia Cup y Copa Kobe Motor. <a href=\"https:\/\/faa.net\/rtandalucia\/index.php\/francisco-puertas\/\">M\u00e1s info.<\/a><\/li><li>Maximiano Gallardo que participar\u00e1 en la Sandero Dacia Cup. <a href=\"https:\/\/faa.net\/rtandalucia\/maxi-gallardo\/\">M\u00e1s info.<\/a><\/li><li>Salvador Espa\u00f1a que participar\u00e1 en la Copa Kobe Motor. <a href=\"https:\/\/faa.net\/rtandalucia\/salvador-espana\/\">M\u00e1s info.<\/a><\/li><\/ul>\n\n\n\n<p>El Andaluc\u00eda Rallye Team llevar\u00e1 asesoramiento deportivo, gabinete de prensa, difusi\u00f3n en redes sociales, y p\u00e1gina web, a cargo de la FAA, guardando la l\u00ednea de dise\u00f1o en los veh\u00edculos de competici\u00f3n marcada por la FAA.<\/p>\n\n\n\n<p>Se les beca con Licencia de Piloto y las siguientes ayudas:<\/p>\n\n\n\n<ul class=\"wp-block-list\"><li>Las inscripciones a los rallyes del programa presentado, incluido shakedonw.<\/li><li>Una prima por participaci\u00f3n en cada una de las pruebas del programa presentado.<\/li><li>Incentivos por clasificaci\u00f3n: 1.000,00 \u2013 750,00 \u2013 500,00 (1\u00aa, 2\u00aa y 3\u00aa plaza).<\/li><\/ul>\n\n\n\n<p><strong>Representar a Andaluc\u00eda en todo el mundo<\/strong>.<\/p>\n\n\n\n<p>Con esta iniciativa se promueve asimismo la puesta en valor de la marca Andaluc\u00eda y la identificaci\u00f3n del deporte andaluz con altos est\u00e1ndares deportivos.<\/p>\n\n\n\n<p>Para este cometido la finalidad es clara: crear una manera en la que los pilotos andaluces, apoyados por la federaci\u00f3n, puedan competir a nivel nacional e internacional y medirse contra pilotos de otras comunidades aut\u00f3nomas y pa\u00edses en algunos de los rallyes m\u00e1s desafiantes de Espa\u00f1a y Europa.<\/p>\n\n\n\n<p>As\u00ed el Andaluc\u00eda Rallye Team tendr\u00e1 la oportunidad de becar a equipos noveles tanto para conseguir logros deportivos como para continuar completando su aprendizaje en este deporte.<\/p>\n\n\n\n<p>Gracias a proyectos como \u00e9ste se promueve la creaci\u00f3n de grandes escuelas de pilotos, justo en el momento en el que la cantera de rallyes en Espa\u00f1a se est\u00e1 volviendo muy prometedora.<\/p>\n\n\n\n<p><a href=\"https:\/\/faa.net\/rtandalucia\/index.php\/equipos-rally-team-andalucia\/\">Saber m\u00e1s sobre los equipos que conforman el Rally Team Andaluc\u00eda.<\/a><\/p>\n\n\n\n<p><a href=\"https:\/\/faa.net\/rtandalucia\/calendario\/\">Ver calendario de pruebas esta temporada.<\/a><\/p>\n\n\n\n<p><a href=\"https:\/\/faa.net\/rtandalucia\/noticias\/\">Visitar la Sala de Prensa de Andaluc\u00eda Rally Team.<\/a><\/p>\n","protected":false},"excerpt":{"rendered":"<p>Rally Team Andaluc\u00eda es el equipo de rallyes andaluz creado por la Federaci\u00f3n Andaluza de Automovilismo para promocionar la participaci\u00f3n de j\u00f3venes talentos andaluces en pruebas de campeonatos de Espa\u00f1a, campeonatos de Europa y pruebas de car\u00e1cter internacional. Este equipo becado representar\u00e1 a la comunidad andaluza en cert\u00e1menes al m\u00e1s alto nivel de competici\u00f3n y [&hellip;]<\/p>\n","protected":false},"author":1,"featured_media":9,"parent":0,"menu_order":0,"comment_status":"closed","ping_status":"closed","template":"","meta":{"_et_pb_use_builder":"","_et_pb_old_content":"","_et_gb_content_width":"","footnotes":""},"class_list":["post-56","page","type-page","status-publish","has-post-thumbnail","hentry"],"yoast_head":"<!-- This site is optimized with the Yoast SEO plugin v27.5 - https:\/\/yoast.com\/product\/yoast-seo-wordpress\/ -->\n<title>Informaci\u00f3n Rally Team Andaluc\u00eda - Rallye Team Andalucia<\/title>\n<meta name=\"description\" content=\"Rally Team Andaluc\u00eda es un proyecto de la Federaci\u00f3n Andaluza de Automovilismo con el fin de becar j\u00f3venes pilotos andaluces.\" \/>\n<meta name=\"robots\" content=\"index, follow, max-snippet:-1, max-image-preview:large, max-video-preview:-1\" \/>\n<link rel=\"canonical\" href=\"https:\/\/faa.net\/rtandalucia\/informacion-rally-team-andalucia\/\" \/>\n<meta property=\"og:locale\" content=\"es_ES\" \/>\n<meta property=\"og:type\" content=\"article\" \/>\n<meta property=\"og:title\" content=\"Informaci\u00f3n Rally Team Andaluc\u00eda - Rallye Team Andalucia\" \/>\n<meta property=\"og:description\" content=\"Rally Team Andaluc\u00eda es un proyecto de la Federaci\u00f3n Andaluza de Automovilismo con el fin de becar j\u00f3venes pilotos andaluces.\" \/>\n<meta property=\"og:url\" content=\"https:\/\/faa.net\/rtandalucia\/informacion-rally-team-andalucia\/\" \/>\n<meta property=\"og:site_name\" content=\"Rallye Team Andalucia\" \/>\n<meta property=\"article:modified_time\" content=\"2022-03-16T17:29:23+00:00\" \/>\n<meta property=\"og:image\" content=\"https:\/\/faa.net\/rtandalucia\/wp-content\/uploads\/2022\/02\/rtandalucia-favicon.png\" \/>\n\t<meta property=\"og:image:width\" content=\"480\" \/>\n\t<meta property=\"og:image:height\" content=\"321\" \/>\n\t<meta property=\"og:image:type\" content=\"image\/png\" \/>\n<meta name=\"twitter:card\" content=\"summary_large_image\" \/>\n<meta name=\"twitter:label1\" content=\"Tiempo de lectura\" \/>\n\t<meta name=\"twitter:data1\" content=\"3 minutos\" \/>\n<script type=\"application\/ld+json\" class=\"yoast-schema-graph\">{\"@context\":\"https:\\\/\\\/schema.org\",\"@graph\":[{\"@type\":\"WebPage\",\"@id\":\"https:\\\/\\\/faa.net\\\/rtandalucia\\\/informacion-rally-team-andalucia\\\/\",\"url\":\"https:\\\/\\\/faa.net\\\/rtandalucia\\\/informacion-rally-team-andalucia\\\/\",\"name\":\"Informaci\u00f3n Rally Team Andaluc\u00eda - Rallye Team Andalucia\",\"isPartOf\":{\"@id\":\"https:\\\/\\\/faa.net\\\/rtandalucia\\\/#website\"},\"primaryImageOfPage\":{\"@id\":\"https:\\\/\\\/faa.net\\\/rtandalucia\\\/informacion-rally-team-andalucia\\\/#primaryimage\"},\"image\":{\"@id\":\"https:\\\/\\\/faa.net\\\/rtandalucia\\\/informacion-rally-team-andalucia\\\/#primaryimage\"},\"thumbnailUrl\":\"https:\\\/\\\/faa.net\\\/rtandalucia\\\/wp-content\\\/uploads\\\/2022\\\/02\\\/rtandalucia-favicon.png\",\"datePublished\":\"2022-03-02T09:55:19+00:00\",\"dateModified\":\"2022-03-16T17:29:23+00:00\",\"description\":\"Rally Team Andaluc\u00eda es un proyecto de la Federaci\u00f3n Andaluza de Automovilismo con el fin de becar j\u00f3venes pilotos andaluces.\",\"breadcrumb\":{\"@id\":\"https:\\\/\\\/faa.net\\\/rtandalucia\\\/informacion-rally-team-andalucia\\\/#breadcrumb\"},\"inLanguage\":\"es\",\"potentialAction\":[{\"@type\":\"ReadAction\",\"target\":[\"https:\\\/\\\/faa.net\\\/rtandalucia\\\/informacion-rally-team-andalucia\\\/\"]}]},{\"@type\":\"ImageObject\",\"inLanguage\":\"es\",\"@id\":\"https:\\\/\\\/faa.net\\\/rtandalucia\\\/informacion-rally-team-andalucia\\\/#primaryimage\",\"url\":\"https:\\\/\\\/faa.net\\\/rtandalucia\\\/wp-content\\\/uploads\\\/2022\\\/02\\\/rtandalucia-favicon.png\",\"contentUrl\":\"https:\\\/\\\/faa.net\\\/rtandalucia\\\/wp-content\\\/uploads\\\/2022\\\/02\\\/rtandalucia-favicon.png\",\"width\":480,\"height\":321},{\"@type\":\"BreadcrumbList\",\"@id\":\"https:\\\/\\\/faa.net\\\/rtandalucia\\\/informacion-rally-team-andalucia\\\/#breadcrumb\",\"itemListElement\":[{\"@type\":\"ListItem\",\"position\":1,\"name\":\"Portada\",\"item\":\"https:\\\/\\\/faa.net\\\/rtandalucia\\\/\"},{\"@type\":\"ListItem\",\"position\":2,\"name\":\"Informaci\u00f3n Rally Team Andaluc\u00eda\"}]},{\"@type\":\"WebSite\",\"@id\":\"https:\\\/\\\/faa.net\\\/rtandalucia\\\/#website\",\"url\":\"https:\\\/\\\/faa.net\\\/rtandalucia\\\/\",\"name\":\"Rallye Team Andalucia\",\"description\":\"- Un proyecto de la Federaci\u00f3n Andaluza de Automovilismo\",\"potentialAction\":[{\"@type\":\"SearchAction\",\"target\":{\"@type\":\"EntryPoint\",\"urlTemplate\":\"https:\\\/\\\/faa.net\\\/rtandalucia\\\/?s={search_term_string}\"},\"query-input\":{\"@type\":\"PropertyValueSpecification\",\"valueRequired\":true,\"valueName\":\"search_term_string\"}}],\"inLanguage\":\"es\"}]}<\/script>\n<!-- \/ Yoast SEO plugin. -->","yoast_head_json":{"title":"Informaci\u00f3n Rally Team Andaluc\u00eda - Rallye Team Andalucia","description":"Rally Team Andaluc\u00eda es un proyecto de la Federaci\u00f3n Andaluza de Automovilismo con el fin de becar j\u00f3venes pilotos andaluces.","robots":{"index":"index","follow":"follow","max-snippet":"max-snippet:-1","max-image-preview":"max-image-preview:large","max-video-preview":"max-video-preview:-1"},"canonical":"https:\/\/faa.net\/rtandalucia\/informacion-rally-team-andalucia\/","og_locale":"es_ES","og_type":"article","og_title":"Informaci\u00f3n Rally Team Andaluc\u00eda - Rallye Team Andalucia","og_description":"Rally Team Andaluc\u00eda es un proyecto de la Federaci\u00f3n Andaluza de Automovilismo con el fin de becar j\u00f3venes pilotos andaluces.","og_url":"https:\/\/faa.net\/rtandalucia\/informacion-rally-team-andalucia\/","og_site_name":"Rallye Team Andalucia","article_modified_time":"2022-03-16T17:29:23+00:00","og_image":[{"width":480,"height":321,"url":"https:\/\/faa.net\/rtandalucia\/wp-content\/uploads\/2022\/02\/rtandalucia-favicon.png","type":"image\/png"}],"twitter_card":"summary_large_image","twitter_misc":{"Tiempo de lectura":"3 minutos"},"schema":{"@context":"https:\/\/schema.org","@graph":[{"@type":"WebPage","@id":"https:\/\/faa.net\/rtandalucia\/informacion-rally-team-andalucia\/","url":"https:\/\/faa.net\/rtandalucia\/informacion-rally-team-andalucia\/","name":"Informaci\u00f3n Rally Team Andaluc\u00eda - Rallye Team Andalucia","isPartOf":{"@id":"https:\/\/faa.net\/rtandalucia\/#website"},"primaryImageOfPage":{"@id":"https:\/\/faa.net\/rtandalucia\/informacion-rally-team-andalucia\/#primaryimage"},"image":{"@id":"https:\/\/faa.net\/rtandalucia\/informacion-rally-team-andalucia\/#primaryimage"},"thumbnailUrl":"https:\/\/faa.net\/rtandalucia\/wp-content\/uploads\/2022\/02\/rtandalucia-favicon.png","datePublished":"2022-03-02T09:55:19+00:00","dateModified":"2022-03-16T17:29:23+00:00","description":"Rally Team Andaluc\u00eda es un proyecto de la Federaci\u00f3n Andaluza de Automovilismo con el fin de becar j\u00f3venes pilotos andaluces.","breadcrumb":{"@id":"https:\/\/faa.net\/rtandalucia\/informacion-rally-team-andalucia\/#breadcrumb"},"inLanguage":"es","potentialAction":[{"@type":"ReadAction","target":["https:\/\/faa.net\/rtandalucia\/informacion-rally-team-andalucia\/"]}]},{"@type":"ImageObject","inLanguage":"es","@id":"https:\/\/faa.net\/rtandalucia\/informacion-rally-team-andalucia\/#primaryimage","url":"https:\/\/faa.net\/rtandalucia\/wp-content\/uploads\/2022\/02\/rtandalucia-favicon.png","contentUrl":"https:\/\/faa.net\/rtandalucia\/wp-content\/uploads\/2022\/02\/rtandalucia-favicon.png","width":480,"height":321},{"@type":"BreadcrumbList","@id":"https:\/\/faa.net\/rtandalucia\/informacion-rally-team-andalucia\/#breadcrumb","itemListElement":[{"@type":"ListItem","position":1,"name":"Portada","item":"https:\/\/faa.net\/rtandalucia\/"},{"@type":"ListItem","position":2,"name":"Informaci\u00f3n Rally Team Andaluc\u00eda"}]},{"@type":"WebSite","@id":"https:\/\/faa.net\/rtandalucia\/#website","url":"https:\/\/faa.net\/rtandalucia\/","name":"Rallye Team Andalucia","description":"- Un proyecto de la Federaci\u00f3n Andaluza de Automovilismo","potentialAction":[{"@type":"SearchAction","target":{"@type":"EntryPoint","urlTemplate":"https:\/\/faa.net\/rtandalucia\/?s={search_term_string}"},"query-input":{"@type":"PropertyValueSpecification","valueRequired":true,"valueName":"search_term_string"}}],"inLanguage":"es"}]}},"_links":{"self":[{"href":"https:\/\/faa.net\/rtandalucia\/wp-json\/wp\/v2\/pages\/56","targetHints":{"allow":["GET"]}}],"collection":[{"href":"https:\/\/faa.net\/rtandalucia\/wp-json\/wp\/v2\/pages"}],"about":[{"href":"https:\/\/faa.net\/rtandalucia\/wp-json\/wp\/v2\/types\/page"}],"author":[{"embeddable":true,"href":"https:\/\/faa.net\/rtandalucia\/wp-json\/wp\/v2\/users\/1"}],"replies":[{"embeddable":true,"href":"https:\/\/faa.net\/rtandalucia\/wp-json\/wp\/v2\/comments?post=56"}],"version-history":[{"count":10,"href":"https:\/\/faa.net\/rtandalucia\/wp-json\/wp\/v2\/pages\/56\/revisions"}],"predecessor-version":[{"id":138,"href":"https:\/\/faa.net\/rtandalucia\/wp-json\/wp\/v2\/pages\/56\/revisions\/138"}],"wp:featuredmedia":[{"embeddable":true,"href":"https:\/\/faa.net\/rtandalucia\/wp-json\/wp\/v2\/media\/9"}],"wp:attachment":[{"href":"https:\/\/faa.net\/rtandalucia\/wp-json\/wp\/v2\/media?parent=56"}],"curies":[{"name":"wp","href":"https:\/\/api.w.org\/{rel}","templated":true}]}}